{"id":1249,"date":"2021-05-07T01:29:21","date_gmt":"2021-05-07T01:29:21","guid":{"rendered":"https:\/\/bolle.com.co\/?post_type=product&#038;p=1249"},"modified":"2026-02-26T16:39:05","modified_gmt":"2026-02-26T16:39:05","slug":"shifter-pink-matte-brown-blue","status":"publish","type":"product","link":"https:\/\/bolle.com.co\/index.php\/product\/shifter-pink-matte-brown-blue\/","title":{"rendered":"SHIFTER PINK MATTE &#8211; BROWN BLUE"},"content":{"rendered":"<p>Inspirado en el famoso modelo Boll\u00e9 CHRONOSHIELD, la SHIFTER est\u00e1 repleto de caracter\u00edsticas simples pero innovadoras para disfrutar del viaje. Las patillas curvas, las lentes ventiladas y el color Brown Blue Cat 3 son ideales para condiciones soleadas, las lentes amplifican el contraste de color y brindan una definici\u00f3n visual superior. El tono azul lo hace ideal para actividades acu\u00e1ticas.<\/p>\n<ul>\n<li>Peso : 30g<\/li>\n<li>Plaquetas Para La Nariz Ajustables<\/li>\n<li>Tratamiento Anti-Rayadura<\/li>\n<li>Tratamiento Oleof\u00f3bico<\/li>\n<li>Thermogrip\u00ae<\/li>\n<\/ul>\n<p><strong>BROWN BLUE &#8211; CAT 3<\/strong><\/p>\n","protected":false},"excerpt":{"rendered":"<p>Ideales para condiciones soleadas, las lentes marrones amplifican el contraste de color y brindan una definici\u00f3n visual superior. El tono azul lo hace ideal para actividades acu\u00e1ticas.<\/p>\n<ul class=\"list-unstyled mt-3\">\n<li>\u00a0100% protecci\u00f3n UV.<\/li>\n<li><i class=\"fas fa-check\"><\/i>\u00a0Ligera.<\/li>\n<li><i class=\"fas fa-check\"><\/i>\u00a0Visibilidad.<\/li>\n<li><i class=\"fas fa-check\"><\/i>\u00a0Protecci\u00f3n.<\/li>\n<\/ul>\n<p><strong>BROWN BLUE &#8211; CAT 3<\/strong><\/p>\n","protected":false},"featured_media":1250,"template":"","meta":{"_acf_changed":false},"product_brand":[],"product_cat":[160,158,45,20],"product_tag":[],"class_list":{"0":"post-1249","1":"product","2":"type-product","3":"status-publish","4":"has-post-thumbnail","6":"product_cat-black-friday","7":"product_cat-dsi02","8":"product_cat-policarbonato","9":"product_cat-gafas-bolle-en-colombia","10":"pa_color-shifter-crystal-navy-matte","12":"first","13":"instock","14":"taxable","15":"shipping-taxable","16":"purchasable","17":"product-type-simple"},"acf":[],"_links":{"self":[{"href":"https:\/\/bolle.com.co\/index.php\/wp-json\/wp\/v2\/product\/1249","targetHints":{"allow":["GET"]}}],"collection":[{"href":"https:\/\/bolle.com.co\/index.php\/wp-json\/wp\/v2\/product"}],"about":[{"href":"https:\/\/bolle.com.co\/index.php\/wp-json\/wp\/v2\/types\/product"}],"wp:featuredmedia":[{"embeddable":true,"href":"https:\/\/bolle.com.co\/index.php\/wp-json\/wp\/v2\/media\/1250"}],"wp:attachment":[{"href":"https:\/\/bolle.com.co\/index.php\/wp-json\/wp\/v2\/media?parent=1249"}],"wp:term":[{"taxonomy":"product_brand","embeddable":true,"href":"https:\/\/bolle.com.co\/index.php\/wp-json\/wp\/v2\/product_brand?post=1249"},{"taxonomy":"product_cat","embeddable":true,"href":"https:\/\/bolle.com.co\/index.php\/wp-json\/wp\/v2\/product_cat?post=1249"},{"taxonomy":"product_tag","embeddable":true,"href":"https:\/\/bolle.com.co\/index.php\/wp-json\/wp\/v2\/product_tag?post=1249"}],"curies":[{"name":"wp","href":"https:\/\/api.w.org\/{rel}","templated":true}]}}