{"id":1263,"date":"2021-05-07T02:01:36","date_gmt":"2021-05-07T02:01:36","guid":{"rendered":"https:\/\/bolle.com.co\/?post_type=product&#038;p=1263"},"modified":"2026-02-26T16:38:59","modified_gmt":"2026-02-26T16:38:59","slug":"lightshifter-black-matte-lente-phantom-brown-red-fotocromaticas","status":"publish","type":"product","link":"https:\/\/bolle.com.co\/index.php\/product\/lightshifter-black-matte-lente-phantom-brown-red-fotocromaticas\/","title":{"rendered":"LIGHTSHIFTER BLACK MATTE &#8211; PHANTOM BROWN RED PHOTOCHROMIC"},"content":{"rendered":"<p>Estilo semi sin montura con small fit, LIGHTSHIFTER acumula lo mejor de nuestras tecnolog\u00edas. Las patillas curvas, el protector ventilado y las lentes Phantom, la lente fotocrom\u00e1tica de mayor rendimiento del mercado.<\/p>\n<ul>\n<li>Peso : 34g<\/li>\n<li>Plaquetas para la nariz ajustables.<\/li>\n<li>Tratamiento Antiempa\u00f1amiento P80+<\/li>\n<li>Tratamiento Anti-rayadura.<\/li>\n<li>Tratamiento Oleof\u00f3bico.<\/li>\n<li>Thermogrip\u00ae<\/li>\n<li>Lentes fotocrom\u00e1tica Phantom.<\/li>\n<li>Lente Resistente a Impactos NXT\u00ae.<\/li>\n<\/ul>\n<p><strong><em>PHANTOM BROWN RED &#8211; CAT 2 TO 3<\/em><\/strong><\/p>\n","protected":false},"excerpt":{"rendered":"<p>Los lentes fotocrom\u00e1ticos Phantom dedicados para ciclismo brindan una protecci\u00f3n UV del 100% y una claridad \u00f3ptica excepcional en todas las situaciones para una comodidad visual inigualable.<\/p>\n<p><strong><em>PHANTOM BROWN RED &#8211; CAT 2 TO 3<\/em><\/strong><\/p>\n","protected":false},"featured_media":1264,"template":"","meta":{"_acf_changed":false},"product_brand":[],"product_cat":[160,158,129,37,20],"product_tag":[],"class_list":{"0":"post-1263","1":"product","2":"type-product","3":"status-publish","4":"has-post-thumbnail","6":"product_cat-black-friday","7":"product_cat-dsi02","8":"product_cat-fotocromatico-gafas-bolle-en-colombia","9":"product_cat-phanton","10":"product_cat-gafas-bolle-en-colombia","12":"first","13":"instock","14":"taxable","15":"shipping-taxable","16":"purchasable","17":"product-type-simple"},"acf":[],"_links":{"self":[{"href":"https:\/\/bolle.com.co\/index.php\/wp-json\/wp\/v2\/product\/1263","targetHints":{"allow":["GET"]}}],"collection":[{"href":"https:\/\/bolle.com.co\/index.php\/wp-json\/wp\/v2\/product"}],"about":[{"href":"https:\/\/bolle.com.co\/index.php\/wp-json\/wp\/v2\/types\/product"}],"wp:featuredmedia":[{"embeddable":true,"href":"https:\/\/bolle.com.co\/index.php\/wp-json\/wp\/v2\/media\/1264"}],"wp:attachment":[{"href":"https:\/\/bolle.com.co\/index.php\/wp-json\/wp\/v2\/media?parent=1263"}],"wp:term":[{"taxonomy":"product_brand","embeddable":true,"href":"https:\/\/bolle.com.co\/index.php\/wp-json\/wp\/v2\/product_brand?post=1263"},{"taxonomy":"product_cat","embeddable":true,"href":"https:\/\/bolle.com.co\/index.php\/wp-json\/wp\/v2\/product_cat?post=1263"},{"taxonomy":"product_tag","embeddable":true,"href":"https:\/\/bolle.com.co\/index.php\/wp-json\/wp\/v2\/product_tag?post=1263"}],"curies":[{"name":"wp","href":"https:\/\/api.w.org\/{rel}","templated":true}]}}