{"id":1279,"date":"2021-05-07T02:21:05","date_gmt":"2021-05-07T02:21:05","guid":{"rendered":"https:\/\/bolle.com.co\/?post_type=product&#038;p=1279"},"modified":"2026-02-26T16:38:35","modified_gmt":"2026-02-26T16:38:35","slug":"lightshifter-pink-matte-brown-blue","status":"publish","type":"product","link":"https:\/\/bolle.com.co\/index.php\/product\/lightshifter-pink-matte-brown-blue\/","title":{"rendered":"LIGHTSHIFTER PINK MATTE &#8211; BROWN BLUE"},"content":{"rendered":"<p>Estilo semi-sin montura con un peque\u00f1o ajuste, LIGHTSHIFTER combina lo mejor de nuestras tecnolog\u00edas. Las patillas curvadas, el escudo ventilado y las lentes Phantom han hecho que LIGHTSHIFTER sea la elecci\u00f3n natural del equipo de profesionales de AG2R La Mondiale.<\/p>\n<p><strong><em>BROWN BLUE &#8211; CAT 3<\/em><\/strong><\/p>\n<p>&nbsp;<\/p>\n","protected":false},"excerpt":{"rendered":"<p>Una lente cl\u00e1sica de policarbonato para una excelente visibilidad y una protecci\u00f3n UV del 100%. Su tinte azul aumenta los contrastes en el agua.<\/p>\n<ul class=\"list-unstyled mt-3\">\n<li>\u00a0100% protecci\u00f3n UV.<\/li>\n<li><i class=\"fas fa-check\"><\/i>\u00a0Ligera.<\/li>\n<li><i class=\"fas fa-check\"><\/i>\u00a0Visibilidad.<\/li>\n<li><i class=\"fas fa-check\"><\/i>\u00a0Protecci\u00f3n.<\/li>\n<\/ul>\n<p><strong><em>BROWN BLUE &#8211; CAT 3<\/em><\/strong><\/p>\n","protected":false},"featured_media":1280,"template":"","meta":{"_acf_changed":false},"product_brand":[],"product_cat":[160,158,45,20],"product_tag":[],"class_list":{"0":"post-1279","1":"product","2":"type-product","3":"status-publish","4":"has-post-thumbnail","6":"product_cat-black-friday","7":"product_cat-dsi02","8":"product_cat-policarbonato","9":"product_cat-gafas-bolle-en-colombia","10":"pa_color-shifter-crystal-navy-matte","12":"first","13":"instock","14":"taxable","15":"shipping-taxable","16":"purchasable","17":"product-type-simple"},"acf":[],"_links":{"self":[{"href":"https:\/\/bolle.com.co\/index.php\/wp-json\/wp\/v2\/product\/1279","targetHints":{"allow":["GET"]}}],"collection":[{"href":"https:\/\/bolle.com.co\/index.php\/wp-json\/wp\/v2\/product"}],"about":[{"href":"https:\/\/bolle.com.co\/index.php\/wp-json\/wp\/v2\/types\/product"}],"wp:featuredmedia":[{"embeddable":true,"href":"https:\/\/bolle.com.co\/index.php\/wp-json\/wp\/v2\/media\/1280"}],"wp:attachment":[{"href":"https:\/\/bolle.com.co\/index.php\/wp-json\/wp\/v2\/media?parent=1279"}],"wp:term":[{"taxonomy":"product_brand","embeddable":true,"href":"https:\/\/bolle.com.co\/index.php\/wp-json\/wp\/v2\/product_brand?post=1279"},{"taxonomy":"product_cat","embeddable":true,"href":"https:\/\/bolle.com.co\/index.php\/wp-json\/wp\/v2\/product_cat?post=1279"},{"taxonomy":"product_tag","embeddable":true,"href":"https:\/\/bolle.com.co\/index.php\/wp-json\/wp\/v2\/product_tag?post=1279"}],"curies":[{"name":"wp","href":"https:\/\/api.w.org\/{rel}","templated":true}]}}