{"id":1422,"date":"2021-05-08T03:18:07","date_gmt":"2021-05-08T03:18:07","guid":{"rendered":"https:\/\/bolle.com.co\/?post_type=product&#038;p=1422"},"modified":"2026-02-26T16:38:27","modified_gmt":"2026-02-26T16:38:27","slug":"lightshifter-xl-red-matte-lente-phantom-brown-red-fotocromaticas","status":"publish","type":"product","link":"https:\/\/bolle.com.co\/index.php\/product\/lightshifter-xl-red-matte-lente-phantom-brown-red-fotocromaticas\/","title":{"rendered":"LIGHTSHIFTER XL RED MATTE &#8211; PHANTOM BROWN RED PHOTOCHROMIC"},"content":{"rendered":"<p>LIGHTSHIFTER, ahora en talla XL. Conserva todo lo que te encanta de este cuadro de ciclismo de alto rendimiento, pero aumenta las dimensiones para adaptarse a las caras m\u00e1s grandes. Experimente el campo de visi\u00f3n XL mientras mantiene las especificaciones de alto rendimiento, como el marco de nailon TR90 de alta calidad para mayor ligereza y flexibilidad, goma Thermogrip\u00ae para estabilidad y almohadilla nasal ajustable para un ajuste perfecto.<\/p>\n<p>Los lentes fotocrom\u00e1ticos Phantom brindan una protecci\u00f3n UV del 100% y una claridad \u00f3ptica excepcional en todas las situaciones para una comodidad visual inigualable.<\/p>\n<ul>\n<li style=\"list-style-type: none;\">\n<ul>\n<li>Peso : 40g<\/li>\n<li>Plaquetas Para La Nariz Ajustables<\/li>\n<li>Tratamiento Antiempa\u00f1amiento P80+<\/li>\n<li>Tratamiento Anti-Rayadura<\/li>\n<li>Tratamiento Oleof\u00f3bico<\/li>\n<li>Thermogrip\u00ae<\/li>\n<li>Lentes Fotocrom\u00e1tica Phantom<\/li>\n<li>Lente Resistente A Impactos NXT\u00ae<\/li>\n<\/ul>\n<\/li>\n<\/ul>\n<p><strong>PHANTOM BROWN RED &#8211; CAT 2 TO 3<\/strong><\/p>\n","protected":false},"excerpt":{"rendered":"<p>Estilo semi sin montura con small fit, LIGHTSHIFTER acumula lo mejor de nuestras tecnolog\u00edas. Las patillas curvas, el protector ventilado y las lentes Phantom, la lente fotocrom\u00e1tica de mayor rendimiento del mercado<\/p>\n<p><strong>PHANTOM BROWN RED &#8211; CAT 2 TO 3<\/strong><\/p>\n<ul class=\"list-unstyled mt-3\">\n<li>\u00a0100% protecci\u00f3n UV.<\/li>\n<li><i class=\"fas fa-check\"><\/i>\u00a0Lente fotocrom\u00e1tica.<\/li>\n<li><i class=\"fas fa-check\"><\/i>\u00a0Claridad \u00f3ptica.<\/li>\n<li><i class=\"fas fa-check\"><\/i>\u00a0Antiempa\u00f1o Platinum.<\/li>\n<li><i class=\"fas fa-check\"><\/i>\u00a0Resistencia a impactos.<\/li>\n<\/ul>\n","protected":false},"featured_media":1423,"template":"","meta":{"_acf_changed":false},"product_brand":[],"product_cat":[160,158,37,20],"product_tag":[],"class_list":{"0":"post-1422","1":"product","2":"type-product","3":"status-publish","4":"has-post-thumbnail","6":"product_cat-black-friday","7":"product_cat-dsi02","8":"product_cat-phanton","9":"product_cat-gafas-bolle-en-colombia","11":"first","12":"instock","13":"taxable","14":"shipping-taxable","15":"purchasable","16":"product-type-simple"},"acf":[],"_links":{"self":[{"href":"https:\/\/bolle.com.co\/index.php\/wp-json\/wp\/v2\/product\/1422","targetHints":{"allow":["GET"]}}],"collection":[{"href":"https:\/\/bolle.com.co\/index.php\/wp-json\/wp\/v2\/product"}],"about":[{"href":"https:\/\/bolle.com.co\/index.php\/wp-json\/wp\/v2\/types\/product"}],"wp:featuredmedia":[{"embeddable":true,"href":"https:\/\/bolle.com.co\/index.php\/wp-json\/wp\/v2\/media\/1423"}],"wp:attachment":[{"href":"https:\/\/bolle.com.co\/index.php\/wp-json\/wp\/v2\/media?parent=1422"}],"wp:term":[{"taxonomy":"product_brand","embeddable":true,"href":"https:\/\/bolle.com.co\/index.php\/wp-json\/wp\/v2\/product_brand?post=1422"},{"taxonomy":"product_cat","embeddable":true,"href":"https:\/\/bolle.com.co\/index.php\/wp-json\/wp\/v2\/product_cat?post=1422"},{"taxonomy":"product_tag","embeddable":true,"href":"https:\/\/bolle.com.co\/index.php\/wp-json\/wp\/v2\/product_tag?post=1422"}],"curies":[{"name":"wp","href":"https:\/\/api.w.org\/{rel}","templated":true}]}}