{"id":1651,"date":"2021-05-19T21:32:51","date_gmt":"2021-05-19T21:32:51","guid":{"rendered":"https:\/\/bolle.com.co\/?post_type=product&#038;p=1651"},"modified":"2024-01-04T21:00:38","modified_gmt":"2024-01-04T21:00:38","slug":"casco-furo-mips-bolle-colombia","status":"publish","type":"product","link":"https:\/\/bolle.com.co\/index.php\/product\/casco-furo-mips-bolle-colombia\/","title":{"rendered":"FURO MIPS"},"content":{"rendered":"","protected":false},"excerpt":{"rendered":"<p style=\"text-align: left;\">Haz del viento tu aliado con FURO MIPS.\u00a0Con un dise\u00f1o espec\u00edfico inspirado en los autos deportivos, FURO MIPS tiene todo lo que se necesita para rendir en la carretera: perfil aerodin\u00e1mico, ligereza y excelente refrigeraci\u00f3n.\u00a0Las caracter\u00edsticas clave incluyen el sistema de almacenamiento Opti-Dock y un sistema de ajuste MIPS\u00ae integrado de 360 \u200b\u200b\u00b0 para brindar la m\u00e1xima comodidad para los viajes m\u00e1s largos.\u00a0El sistema de protecci\u00f3n MIPS\u00ae redirige la energ\u00eda para brindar m\u00e1s protecci\u00f3n en impactos en \u00e1ngulo.<\/p>\n<div id=\"collapsibleDescription\" class=\"row justify-content-start mb-5 collapse show\">\n<div class=\"col-sm-12 col-lg-8 long-description_content\">\n<div class=\"row\">\n<div class=\"col-12\">\n<h3 class=\"title mb-3\" data-toggle=\"collapse\" aria-expanded=\"true\" aria-controls=\"collapsibleDescription\">Caracter\u00edsticas:<\/h3>\n<\/div>\n<\/div>\n<div id=\"collapsibleDescription\" class=\"row justify-content-start mb-5 collapse show\">\n<div class=\"col-sm-12 col-lg-8 long-description_content\">\n<ul class=\"List\">\n<li>Peso: 300g<\/li>\n<li>Conchas Aerodin\u00e1micas Extra\u00edbles<\/li>\n<li>MIPS<\/li>\n<li>Garaje De Gafas De Sol<\/li>\n<li>Forro Extra\u00edble Y Lavable<\/li>\n<li>Sistema De Ajuste De 360 \u200b\u200b\u00b0<\/li>\n<li>Conducto Naca<\/li>\n<li>Cola De Kamm<\/li>\n<li>Jaula Antivuelco<\/li>\n<\/ul>\n<\/div>\n<\/div>\n<\/div>\n<\/div>\n","protected":false},"featured_media":1648,"template":"","meta":{"_acf_changed":false},"product_brand":[],"product_cat":[24,158,77,39],"product_tag":[54,47,53,51],"class_list":{"0":"post-1651","1":"product","2":"type-product","3":"status-publish","4":"has-post-thumbnail","6":"product_cat-cascos-bolle-en-colombia","7":"product_cat-dsi02","8":"product_cat-mips","9":"product_cat-ruta","10":"product_tag-all-seasons","11":"product_tag-bolle","12":"product_tag-casco","13":"product_tag-mtb","14":"pa_color-furo-mips-blanco-mate","15":"pa_color-furo-mips-grey-neon-yellow","16":"pa_color-furo-mips-gris-y-amarillo-neon","17":"pa_color-furo-mips-nego-matte","18":"pa_talla-l","19":"pa_talla-m","20":"pa_talla-s","22":"first","23":"instock","24":"featured","25":"taxable","26":"shipping-taxable","27":"purchasable","28":"product-type-variable","29":"has-default-attributes","30":"rtwpvg-product"},"acf":[],"_links":{"self":[{"href":"https:\/\/bolle.com.co\/index.php\/wp-json\/wp\/v2\/product\/1651","targetHints":{"allow":["GET"]}}],"collection":[{"href":"https:\/\/bolle.com.co\/index.php\/wp-json\/wp\/v2\/product"}],"about":[{"href":"https:\/\/bolle.com.co\/index.php\/wp-json\/wp\/v2\/types\/product"}],"wp:featuredmedia":[{"embeddable":true,"href":"https:\/\/bolle.com.co\/index.php\/wp-json\/wp\/v2\/media\/1648"}],"wp:attachment":[{"href":"https:\/\/bolle.com.co\/index.php\/wp-json\/wp\/v2\/media?parent=1651"}],"wp:term":[{"taxonomy":"product_brand","embeddable":true,"href":"https:\/\/bolle.com.co\/index.php\/wp-json\/wp\/v2\/product_brand?post=1651"},{"taxonomy":"product_cat","embeddable":true,"href":"https:\/\/bolle.com.co\/index.php\/wp-json\/wp\/v2\/product_cat?post=1651"},{"taxonomy":"product_tag","embeddable":true,"href":"https:\/\/bolle.com.co\/index.php\/wp-json\/wp\/v2\/product_tag?post=1651"}],"curies":[{"name":"wp","href":"https:\/\/api.w.org\/{rel}","templated":true}]}}