{"id":1688,"date":"2021-05-20T14:24:03","date_gmt":"2021-05-20T14:24:03","guid":{"rendered":"https:\/\/bolle.com.co\/?post_type=product&#038;p=1688"},"modified":"2021-12-01T14:55:32","modified_gmt":"2021-12-01T14:55:32","slug":"casco-stance-junior","status":"publish","type":"product","link":"https:\/\/bolle.com.co\/index.php\/product\/casco-stance-junior\/","title":{"rendered":"STANCE JUNIOR"},"content":{"rendered":"","protected":false},"excerpt":{"rendered":"<p>Inspirado en su versi\u00f3n para adultos, STANCE JUNIOR tambi\u00e9n viene con un conjunto de funciones \u00fatiles para ni\u00f1os.\u00a0Adhesivo reflectante en la espalda y en las correas, malla integrada para proteger de los ataques de insectos, una hebilla anti-pellizco en la correa y finalmente un sistema Click-to-Fit \u2122 que integra un LED para mayor seguridad.<\/p>\n<div id=\"collapsibleDescription\" class=\"row justify-content-start mb-5 collapse show\">\n<div class=\"col-sm-12 col-lg-8 long-description_content\">\n<div class=\"row\">\n<div class=\"col-12\">\n<h3 class=\"title mb-3\" data-toggle=\"collapse\" aria-expanded=\"true\" aria-controls=\"collapsibleDescription\">DESTACADO STANCE<\/h3>\n<\/div>\n<\/div>\n<div id=\"collapsibleDescription\" class=\"row justify-content-start mb-5 collapse show\">\n<div class=\"col-sm-12 col-lg-8 long-description_content\">\n<ul class=\"List\">\n<li>Peso: 245-260g<\/li>\n<li>Sistema Click-To-Fit \u2122<\/li>\n<li>LED<\/li>\n<li>Forro extra\u00edble y lavable<\/li>\n<\/ul>\n<\/div>\n<\/div>\n<\/div>\n<\/div>\n","protected":false},"featured_media":1702,"template":"","meta":{"_acf_changed":false},"product_brand":[],"product_cat":[24,158,40,52],"product_tag":[54,47,53,90],"class_list":{"0":"post-1688","1":"product","2":"type-product","3":"status-publish","4":"has-post-thumbnail","6":"product_cat-cascos-bolle-en-colombia","7":"product_cat-dsi02","8":"product_cat-ninos","9":"product_cat-todas-los-deportes","10":"product_tag-all-seasons","11":"product_tag-bolle","12":"product_tag-casco","13":"product_tag-ninos","14":"pa_color-stance-junior-matte-camo","15":"pa_color-stance-junior-matte-hi-vis-pink","16":"pa_color-stance-junior-matte-navy","17":"pa_color-stance-junior-matte-purple-flower","18":"pa_talla-s","19":"pa_talla-xs","21":"first","22":"instock","23":"featured","24":"taxable","25":"shipping-taxable","26":"purchasable","27":"product-type-variable","28":"has-default-attributes","29":"rtwpvg-product"},"acf":[],"_links":{"self":[{"href":"https:\/\/bolle.com.co\/index.php\/wp-json\/wp\/v2\/product\/1688","targetHints":{"allow":["GET"]}}],"collection":[{"href":"https:\/\/bolle.com.co\/index.php\/wp-json\/wp\/v2\/product"}],"about":[{"href":"https:\/\/bolle.com.co\/index.php\/wp-json\/wp\/v2\/types\/product"}],"wp:featuredmedia":[{"embeddable":true,"href":"https:\/\/bolle.com.co\/index.php\/wp-json\/wp\/v2\/media\/1702"}],"wp:attachment":[{"href":"https:\/\/bolle.com.co\/index.php\/wp-json\/wp\/v2\/media?parent=1688"}],"wp:term":[{"taxonomy":"product_brand","embeddable":true,"href":"https:\/\/bolle.com.co\/index.php\/wp-json\/wp\/v2\/product_brand?post=1688"},{"taxonomy":"product_cat","embeddable":true,"href":"https:\/\/bolle.com.co\/index.php\/wp-json\/wp\/v2\/product_cat?post=1688"},{"taxonomy":"product_tag","embeddable":true,"href":"https:\/\/bolle.com.co\/index.php\/wp-json\/wp\/v2\/product_tag?post=1688"}],"curies":[{"name":"wp","href":"https:\/\/api.w.org\/{rel}","templated":true}]}}