{"id":1753,"date":"2021-05-21T04:19:45","date_gmt":"2021-05-21T04:19:45","guid":{"rendered":"https:\/\/bolle.com.co\/?post_type=product&#038;p=1753"},"modified":"2024-07-26T01:31:44","modified_gmt":"2024-07-26T01:31:44","slug":"bolt-2-0-tortoise-matte-volt-gun-polarized","status":"publish","type":"product","link":"https:\/\/bolle.com.co\/index.php\/product\/bolt-2-0-tortoise-matte-volt-gun-polarized\/","title":{"rendered":"BOLT 2.0 TORTOISE MATTE &#8211; VOLT+ GUN POLARIZED"},"content":{"rendered":"<p>Nuestro cl\u00e1sico favorito de deporte de peque\u00f1o tama\u00f1o, actualizado. Con el fin de que el resultado sea mucho m\u00e1s perfecto para rostros peque\u00f1os, BOLT S se ha actualizado con un nuevo dise\u00f1o que mantiene el mismo resultado por el que se le conoce: montura de nailon TR90 de la mayor calidad para la ligereza y flexibilidad, caucho Thermogrip\u00ae para la estabilidad y almohadilla nasal ajustable para un encaje perfecto.<\/p>\n<ul>\n<li>Disponible con Lentes Phantom<\/li>\n<li>Disponible con Lentes Volt +<\/li>\n<li>Tratamiento Antiempa\u00f1amiento<\/li>\n<li>Tratamiento Anti-Rayadura<\/li>\n<li>Tratamiento Oleof\u00f3bico<\/li>\n<li>Tratamiento Hidrof\u00f3bico<\/li>\n<li>Thermogrip\u00ae<\/li>\n<li>Montura de Nylon TR90<\/li>\n<li>Bisagra Autobloqueo<\/li>\n<li>Plaquetas para la Nariz Ajustables<\/li>\n<\/ul>\n<p>&nbsp;<\/p>\n","protected":false},"excerpt":{"rendered":"<p>Un cl\u00e1sico favorito del deporte, revisado. Las dimensiones se mantienen fieles al original, pero con las \u00faltimas especificaciones y dise\u00f1o para mejorar el rendimiento por el que es conocido: marco de nailon TR90 de la m\u00e1s alta calidad para ligereza y flexibilidad, goma Thermogrip\u00ae para estabilidad y plaqueta nasal ajustable para un ajuste perfecto.<\/p>\n<p style=\"padding-left: 40px;\"><strong>LENTES <\/strong><\/p>\n<p style=\"padding-left: 40px;\">Volt + Gun Cat 3<\/p>\n<p style=\"padding-left: 40px;\">Volt + es la revolucionaria lente polarizada y de alto contraste de Boll\u00e9, que mejora la percepci\u00f3n del color hasta en un 30% mientras mantiene el punto blanco natural.<\/p>\n","protected":false},"featured_media":1786,"template":"","meta":{"_acf_changed":false},"product_brand":[],"product_cat":[158,20,36],"product_tag":[102,124],"class_list":{"0":"post-1753","1":"product","2":"type-product","3":"status-publish","4":"has-post-thumbnail","6":"product_cat-dsi02","7":"product_cat-gafas-bolle-en-colombia","8":"product_cat-volt","9":"product_tag-proteccion-rayos-uv","10":"product_tag-volt","11":"pa_color-bolt-2-0-black-matte","12":"pa_color-bolt-2-0-black-matte-clear-pc-platinum-cat-0","13":"pa_color-bolt-2-0-black-matte-phantom-brown-gun","14":"pa_color-bolt-2-0-black-shiny","15":"pa_color-bolt-2-0-forest-crystal-matte","16":"pa_color-bolt-2-0-red-matte","17":"pa_color-bolt-2-0-silver-matte","18":"pa_color-bolt-2-0-titanium-matte","19":"pa_color-bolt-2-0-tortoise-matte","21":"first","22":"outofstock","23":"taxable","24":"shipping-taxable","25":"purchasable","26":"product-type-simple"},"acf":[],"_links":{"self":[{"href":"https:\/\/bolle.com.co\/index.php\/wp-json\/wp\/v2\/product\/1753","targetHints":{"allow":["GET"]}}],"collection":[{"href":"https:\/\/bolle.com.co\/index.php\/wp-json\/wp\/v2\/product"}],"about":[{"href":"https:\/\/bolle.com.co\/index.php\/wp-json\/wp\/v2\/types\/product"}],"wp:featuredmedia":[{"embeddable":true,"href":"https:\/\/bolle.com.co\/index.php\/wp-json\/wp\/v2\/media\/1786"}],"wp:attachment":[{"href":"https:\/\/bolle.com.co\/index.php\/wp-json\/wp\/v2\/media?parent=1753"}],"wp:term":[{"taxonomy":"product_brand","embeddable":true,"href":"https:\/\/bolle.com.co\/index.php\/wp-json\/wp\/v2\/product_brand?post=1753"},{"taxonomy":"product_cat","embeddable":true,"href":"https:\/\/bolle.com.co\/index.php\/wp-json\/wp\/v2\/product_cat?post=1753"},{"taxonomy":"product_tag","embeddable":true,"href":"https:\/\/bolle.com.co\/index.php\/wp-json\/wp\/v2\/product_tag?post=1753"}],"curies":[{"name":"wp","href":"https:\/\/api.w.org\/{rel}","templated":true}]}}