{"id":1829,"date":"2021-05-22T16:44:22","date_gmt":"2021-05-22T16:44:22","guid":{"rendered":"https:\/\/bolle.com.co\/?post_type=product&#038;p=1829"},"modified":"2026-02-26T16:37:46","modified_gmt":"2026-02-26T16:37:46","slug":"bolt-2-0-s-black-crystal-matte-phantom-clear-green-photochromic","status":"publish","type":"product","link":"https:\/\/bolle.com.co\/index.php\/product\/bolt-2-0-s-black-crystal-matte-phantom-clear-green-photochromic\/","title":{"rendered":"BOLT 2.0 S BLACK CRYSTAL MATTE &#8211; PHANTOM CLEAR GREEN PHOTOCHROMIC"},"content":{"rendered":"<p>Nuestro cl\u00e1sico favorito de deporte de peque\u00f1o tama\u00f1o, actualizado. Con el fin de que el resultado sea mucho m\u00e1s perfecto para rostros peque\u00f1os, BOLT S se ha actualizado con un nuevo dise\u00f1o que mantiene el mismo resultado por el que se le conoce: montura de nailon TR90 de la mayor calidad para la ligereza y flexibilidad, caucho Thermogrip\u00ae para la estabilidad y almohadilla nasal ajustable para un encaje perfecto.<\/p>\n<ul>\n<li>Disponible con Lentes Phantom<\/li>\n<li>Disponible con Lentes Volt +<\/li>\n<li>Tratamiento Antiempa\u00f1amiento<\/li>\n<li>Tratamiento Anti-Rayadura<\/li>\n<li>Tratamiento Oleof\u00f3bico<\/li>\n<li>Tratamiento Hidrof\u00f3bico<\/li>\n<li>Thermogrip\u00ae<\/li>\n<li>Montura de Nylon TR90<\/li>\n<li>Bisagra Auto-Bloqueo<\/li>\n<li>Plaquetas para la Nariz Ajustables<\/li>\n<li>Patillas Curvadas en Forma de S<\/li>\n<\/ul>\n<p><em><strong>PHANTOM CLEAR GREEN CAT 1 TO 3<\/strong><\/em><\/p>\n<p>&nbsp;<\/p>\n","protected":false},"excerpt":{"rendered":"<p>Un cl\u00e1sico favorito del deporte. Las dimensiones se mantienen fieles al original, pero con las \u00faltimas especificaciones y dise\u00f1o para mejorar el rendimiento por el que es conocido: marco de nailon TR90 de la m\u00e1s alta calidad para ligereza y flexibilidad, goma Thermogrip\u00ae para estabilidad y plaqueta nasal ajustable para un ajuste perfecto.<\/p>\n<div class=\"lens-attribute-description\"><em><strong>PHANTOM CLEAR GREEN CAT 1 TO 3<\/strong><\/em><\/div>\n","protected":false},"featured_media":1757,"template":"","meta":{"_acf_changed":false},"product_brand":[],"product_cat":[160,158,129,37,20],"product_tag":[49],"class_list":{"0":"post-1829","1":"product","2":"type-product","3":"status-publish","4":"has-post-thumbnail","6":"product_cat-black-friday","7":"product_cat-dsi02","8":"product_cat-fotocromatico-gafas-bolle-en-colombia","9":"product_cat-phanton","10":"product_cat-gafas-bolle-en-colombia","11":"product_tag-gafas","13":"first","14":"instock","15":"taxable","16":"shipping-taxable","17":"purchasable","18":"product-type-simple"},"acf":[],"_links":{"self":[{"href":"https:\/\/bolle.com.co\/index.php\/wp-json\/wp\/v2\/product\/1829","targetHints":{"allow":["GET"]}}],"collection":[{"href":"https:\/\/bolle.com.co\/index.php\/wp-json\/wp\/v2\/product"}],"about":[{"href":"https:\/\/bolle.com.co\/index.php\/wp-json\/wp\/v2\/types\/product"}],"wp:featuredmedia":[{"embeddable":true,"href":"https:\/\/bolle.com.co\/index.php\/wp-json\/wp\/v2\/media\/1757"}],"wp:attachment":[{"href":"https:\/\/bolle.com.co\/index.php\/wp-json\/wp\/v2\/media?parent=1829"}],"wp:term":[{"taxonomy":"product_brand","embeddable":true,"href":"https:\/\/bolle.com.co\/index.php\/wp-json\/wp\/v2\/product_brand?post=1829"},{"taxonomy":"product_cat","embeddable":true,"href":"https:\/\/bolle.com.co\/index.php\/wp-json\/wp\/v2\/product_cat?post=1829"},{"taxonomy":"product_tag","embeddable":true,"href":"https:\/\/bolle.com.co\/index.php\/wp-json\/wp\/v2\/product_tag?post=1829"}],"curies":[{"name":"wp","href":"https:\/\/api.w.org\/{rel}","templated":true}]}}