{"id":1904,"date":"2021-05-24T03:26:29","date_gmt":"2021-05-24T03:26:29","guid":{"rendered":"https:\/\/bolle.com.co\/?post_type=product&#038;p=1904"},"modified":"2024-11-22T15:44:07","modified_gmt":"2024-11-22T15:44:07","slug":"trackdown-mips","status":"publish","type":"product","link":"https:\/\/bolle.com.co\/index.php\/product\/trackdown-mips\/","title":{"rendered":"TRACKDOWN MIPS"},"content":{"rendered":"","protected":false},"excerpt":{"rendered":"<p style=\"text-align: left;\">Un casco MTB completamente nuevo de Boll\u00e9 con un conjunto de caracter\u00edsticas \u00fanicas. Un sistema de retenci\u00f3n de 360 \u200b\u200b\u00b0 para estabilidad y ajuste total. EPS progresivo AVID para combinar canales para una ventilaci\u00f3n superior con absorci\u00f3n de impactos progresiva. Un garaje para gafas de sol para mantener sus gafas de sol en su lugar y una visera de 3 posiciones que deja espacio para las gafas. Un innovador kit de invierno que contiene tapones de ventilaci\u00f3n y forro de invierno. Disponible con tecnolog\u00eda MIPS\u00ae.<\/p>\n<div id=\"collapsibleDescription\" class=\"row justify-content-start mb-5 collapse show\">\n<div class=\"col-sm-12 col-lg-8 long-description_content\">\n<div class=\"row\">\n<div class=\"col-12\">\n<h3 class=\"title mb-3\" data-toggle=\"collapse\" aria-expanded=\"true\" aria-controls=\"collapsibleDescription\">DESTACADO<\/h3>\n<\/div>\n<\/div>\n<div id=\"collapsibleDescription\" class=\"row justify-content-start mb-5 collapse show\">\n<div class=\"col-sm-12 col-lg-8 long-description_content\">\n<ul class=\"List\">\n<li>Peso: 390g<\/li>\n<li>Dock para las Gafas<\/li>\n<li>EPS progresivo AVID<\/li>\n<li>MIPS<\/li>\n<li>Forro Extra\u00edble y Lavable<\/li>\n<li>Visera Ajustable<\/li>\n<\/ul>\n<\/div>\n<\/div>\n<\/div>\n<\/div>\n","protected":false},"featured_media":2981,"template":"","meta":{"_acf_changed":false},"product_brand":[],"product_cat":[24,158,77,38],"product_tag":[47,53,82,51],"class_list":{"0":"post-1904","1":"product","2":"type-product","3":"status-publish","4":"has-post-thumbnail","6":"product_cat-cascos-bolle-en-colombia","7":"product_cat-dsi02","8":"product_cat-mips","9":"product_cat-mtb","10":"product_tag-bolle","11":"product_tag-casco","12":"product_tag-mips","13":"product_tag-mtb","14":"pa_color-trackdown-mips-black-acid-matte","15":"pa_color-trackdown-mips-black-camo-matte","16":"pa_color-trackdown-mips-black-fire-matte","17":"pa_color-trackdown-mips-garnet-matte","18":"pa_color-trackdown-mips-matte-grey-neon-pink","19":"pa_color-trackdown-mips-white-fire-matte","20":"pa_talla-l","21":"pa_talla-m","22":"pa_talla-s","24":"first","25":"instock","26":"sale","27":"taxable","28":"shipping-taxable","29":"purchasable","30":"product-type-simple"},"acf":[],"_links":{"self":[{"href":"https:\/\/bolle.com.co\/index.php\/wp-json\/wp\/v2\/product\/1904","targetHints":{"allow":["GET"]}}],"collection":[{"href":"https:\/\/bolle.com.co\/index.php\/wp-json\/wp\/v2\/product"}],"about":[{"href":"https:\/\/bolle.com.co\/index.php\/wp-json\/wp\/v2\/types\/product"}],"wp:featuredmedia":[{"embeddable":true,"href":"https:\/\/bolle.com.co\/index.php\/wp-json\/wp\/v2\/media\/2981"}],"wp:attachment":[{"href":"https:\/\/bolle.com.co\/index.php\/wp-json\/wp\/v2\/media?parent=1904"}],"wp:term":[{"taxonomy":"product_brand","embeddable":true,"href":"https:\/\/bolle.com.co\/index.php\/wp-json\/wp\/v2\/product_brand?post=1904"},{"taxonomy":"product_cat","embeddable":true,"href":"https:\/\/bolle.com.co\/index.php\/wp-json\/wp\/v2\/product_cat?post=1904"},{"taxonomy":"product_tag","embeddable":true,"href":"https:\/\/bolle.com.co\/index.php\/wp-json\/wp\/v2\/product_tag?post=1904"}],"curies":[{"name":"wp","href":"https:\/\/api.w.org\/{rel}","templated":true}]}}