{"id":2133,"date":"2021-05-28T22:28:59","date_gmt":"2021-05-28T22:28:59","guid":{"rendered":"https:\/\/bolle.com.co\/?post_type=product&#038;p=2133"},"modified":"2025-11-19T13:58:36","modified_gmt":"2025-11-19T13:58:36","slug":"merit-silver-matte-volt-cold-white-polarized","status":"publish","type":"product","link":"https:\/\/bolle.com.co\/index.php\/product\/merit-silver-matte-volt-cold-white-polarized\/","title":{"rendered":"MERIT SILVER MATTE &#8211; VOLT+ COLD WHITE POLARIZED"},"content":{"rendered":"<p>MERIT,\u00a0 forma parte de la familia Slim de gafas deportivas de estilo de vida elegantes y ligeras, es una montura redonda de tama\u00f1o peque\u00f1o con car\u00e1cter y una apariencia de estilo de vida f\u00e1cil de usar, pero con caracter\u00edsticas de rendimiento con patillas rectas y goma Thermogrip\u00ae en patillas y almohadillas nasales para estabilidad en acci\u00f3n. Disfrute de MERIT con Volt +, la revolucionaria lente de alto contraste.<\/p>\n<p><em><strong> <span class=\"lens-attribute-name\">Volt+ Cold White Cat 3 cat 3<\/span><\/strong><\/em><\/p>\n<ul>\n<li>Disponible con Lente Volt +<\/li>\n<li>Disponible con Lente Polarizada PC<\/li>\n<li>Thermogrip\u00ae<\/li>\n<li>TR90 Marco de Nailon<\/li>\n<li>Bisagra a Presi\u00f3n<\/li>\n<li>Patillas Rectas Din\u00e1micas<\/li>\n<\/ul>\n","protected":false},"excerpt":{"rendered":"<p>MERIT,\u00a0 forma parte de la familia Slim de gafas deportivas de estilo de vida elegantes y ligeras, es una montura redonda de tama\u00f1o peque\u00f1o con car\u00e1cter y una apariencia de estilo de vida f\u00e1cil de usar, pero con caracter\u00edsticas de rendimiento con patillas rectas y goma Thermogrip\u00ae en patillas y almohadillas nasales para estabilidad en acci\u00f3n. Disfrute de MERIT con Volt +, la revolucionaria lente de alto contraste.<\/p>\n<p><em><strong><span class=\"lens-attribute-name\">Volt+ Cold White Cat 3 cat 3<\/span><\/strong><\/em><\/p>\n<ul>\n<li>Disponible con Lente Volt +<\/li>\n<li>Disponible con Lente Polarizada PC<\/li>\n<li>Thermogrip\u00ae<\/li>\n<li>TR90 Marco de Nailon<\/li>\n<li>Bisagra a Presi\u00f3n<\/li>\n<li>Patillas Rectas Din\u00e1micas<\/li>\n<\/ul>\n","protected":false},"featured_media":2142,"template":"","meta":{"_acf_changed":false},"product_brand":[],"product_cat":[158,20,36],"product_tag":[],"class_list":{"0":"post-2133","1":"product","2":"type-product","3":"status-publish","4":"has-post-thumbnail","6":"product_cat-dsi02","7":"product_cat-gafas-bolle-en-colombia","8":"product_cat-volt","10":"first","11":"outofstock","12":"featured","13":"taxable","14":"shipping-taxable","15":"purchasable","16":"product-type-simple"},"acf":[],"_links":{"self":[{"href":"https:\/\/bolle.com.co\/index.php\/wp-json\/wp\/v2\/product\/2133","targetHints":{"allow":["GET"]}}],"collection":[{"href":"https:\/\/bolle.com.co\/index.php\/wp-json\/wp\/v2\/product"}],"about":[{"href":"https:\/\/bolle.com.co\/index.php\/wp-json\/wp\/v2\/types\/product"}],"wp:featuredmedia":[{"embeddable":true,"href":"https:\/\/bolle.com.co\/index.php\/wp-json\/wp\/v2\/media\/2142"}],"wp:attachment":[{"href":"https:\/\/bolle.com.co\/index.php\/wp-json\/wp\/v2\/media?parent=2133"}],"wp:term":[{"taxonomy":"product_brand","embeddable":true,"href":"https:\/\/bolle.com.co\/index.php\/wp-json\/wp\/v2\/product_brand?post=2133"},{"taxonomy":"product_cat","embeddable":true,"href":"https:\/\/bolle.com.co\/index.php\/wp-json\/wp\/v2\/product_cat?post=2133"},{"taxonomy":"product_tag","embeddable":true,"href":"https:\/\/bolle.com.co\/index.php\/wp-json\/wp\/v2\/product_tag?post=2133"}],"curies":[{"name":"wp","href":"https:\/\/api.w.org\/{rel}","templated":true}]}}