{"id":2138,"date":"2021-05-28T22:29:30","date_gmt":"2021-05-28T22:29:30","guid":{"rendered":"https:\/\/bolle.com.co\/?post_type=product&#038;p=2138"},"modified":"2025-12-12T13:18:40","modified_gmt":"2025-12-12T13:18:40","slug":"merit-caramel-tortoise-matte-brown-gun-polarized","status":"publish","type":"product","link":"https:\/\/bolle.com.co\/index.php\/product\/merit-caramel-tortoise-matte-brown-gun-polarized\/","title":{"rendered":"MERIT CARAMEL TORTOISE MATTE &#8211; BROWN GUN POLARIZED"},"content":{"rendered":"<p>MERIT,\u00a0 forma parte de la familia Slim de gafas deportivas de estilo de vida elegantes y ligeras, es una montura redonda de tama\u00f1o peque\u00f1o con car\u00e1cter y una apariencia de estilo de vida f\u00e1cil de usar, pero con caracter\u00edsticas de rendimiento con patillas rectas y goma Thermogrip\u00ae en patillas y almohadillas nasales para estabilidad en acci\u00f3n. Disfrute de MERIT con Volt +, la revolucionaria lente de alto contraste.<\/p>\n<p>Phantom Clear Green cat 1 a 3 &#8211; Cat. 1 a 3<\/p>\n<ul>\n<li>Disponible con Lente Volt +<\/li>\n<li>Disponible con Lente Polarizada PC<\/li>\n<li>Thermogrip\u00ae<\/li>\n<li>TR90 Marco de Nailon<\/li>\n<li>Bisagra a Presi\u00f3n<\/li>\n<li>Patillas Rectas Din\u00e1micas<\/li>\n<\/ul>\n","protected":false},"excerpt":{"rendered":"<p>MERIT,\u00a0 forma parte de la familia Slim de gafas deportivas de estilo de vida elegantes y ligeras, es una montura redonda de tama\u00f1o peque\u00f1o con car\u00e1cter y una apariencia de estilo de vida f\u00e1cil de usar, pero con caracter\u00edsticas de rendimiento con patillas rectas y goma Thermogrip\u00ae en patillas y almohadillas nasales para estabilidad en acci\u00f3n. Disfrute de MERIT con Volt +, la revolucionaria lente de alto contraste.<\/p>\n<p><strong>Phantom Clear Green cat 1 a 3 &#8211; Cat. 1 a 3<\/strong><\/p>\n<ul>\n<li>Disponible con Lente Volt +<\/li>\n<li>Disponible con Lente Polarizada PC<\/li>\n<li>Thermogrip\u00ae<\/li>\n<li>TR90 Marco de Nailon<\/li>\n<li>Bisagra a Presi\u00f3n<\/li>\n<li>Patillas Rectas Din\u00e1micas<\/li>\n<\/ul>\n","protected":false},"featured_media":2607,"template":"","meta":{"_acf_changed":false},"product_brand":[],"product_cat":[160,158,162,45,20],"product_tag":[136,137],"class_list":{"0":"post-2138","1":"product","2":"type-product","3":"status-publish","4":"has-post-thumbnail","6":"product_cat-black-friday","7":"product_cat-dsi02","8":"product_cat-lifestyle","9":"product_cat-policarbonato","10":"product_cat-gafas-bolle-en-colombia","11":"product_tag-gun","12":"product_tag-merit","14":"first","15":"instock","16":"sale","17":"taxable","18":"shipping-taxable","19":"purchasable","20":"product-type-simple"},"acf":[],"_links":{"self":[{"href":"https:\/\/bolle.com.co\/index.php\/wp-json\/wp\/v2\/product\/2138","targetHints":{"allow":["GET"]}}],"collection":[{"href":"https:\/\/bolle.com.co\/index.php\/wp-json\/wp\/v2\/product"}],"about":[{"href":"https:\/\/bolle.com.co\/index.php\/wp-json\/wp\/v2\/types\/product"}],"wp:featuredmedia":[{"embeddable":true,"href":"https:\/\/bolle.com.co\/index.php\/wp-json\/wp\/v2\/media\/2607"}],"wp:attachment":[{"href":"https:\/\/bolle.com.co\/index.php\/wp-json\/wp\/v2\/media?parent=2138"}],"wp:term":[{"taxonomy":"product_brand","embeddable":true,"href":"https:\/\/bolle.com.co\/index.php\/wp-json\/wp\/v2\/product_brand?post=2138"},{"taxonomy":"product_cat","embeddable":true,"href":"https:\/\/bolle.com.co\/index.php\/wp-json\/wp\/v2\/product_cat?post=2138"},{"taxonomy":"product_tag","embeddable":true,"href":"https:\/\/bolle.com.co\/index.php\/wp-json\/wp\/v2\/product_tag?post=2138"}],"curies":[{"name":"wp","href":"https:\/\/api.w.org\/{rel}","templated":true}]}}