{"id":2453,"date":"2021-08-17T16:58:06","date_gmt":"2021-08-17T16:58:06","guid":{"rendered":"https:\/\/bolle.com.co\/?post_type=product&#038;p=2453"},"modified":"2025-11-29T16:20:36","modified_gmt":"2025-11-29T16:20:36","slug":"talent-mocha-transparent-matte","status":"publish","type":"product","link":"https:\/\/bolle.com.co\/index.php\/product\/talent-mocha-transparent-matte\/","title":{"rendered":"TALENT MOCHA TRANSPARENT MATTE"},"content":{"rendered":"<p>Un cuadrado redondeado de la familia Slim de gafas deportivas ligeras y elegantes. La forma de estilo de vida del TALENT se combina con caracter\u00edsticas de rendimiento como la goma Thermogrip\u00ae y el marco de nailon TR90 ligero y resistente que no decepcionar\u00e1, ya sea para uso casual o deportivo.<\/p>\n<div><span class=\"lens-attribute-name\">TNS cat 3<\/span>\u00a0<span class=\"lens-attribute-category\">&#8211; Cat. 3<\/span><\/div>\n","protected":false},"excerpt":{"rendered":"<p>Un cuadrado redondeado de la familia Slim de gafas deportivas ligeras y elegantes. La forma de estilo de vida del TALENT se combina con caracter\u00edsticas de rendimiento como la goma Thermogrip\u00ae y el marco de nailon TR90 ligero y resistente que no decepcionar\u00e1, ya sea para uso casual o deportivo.<br \/>\nExcelente visibilidad y protecci\u00f3n 100% UV con estas cl\u00e1sicas lentes de policarbonato. La base gris ayuda a mantener la percepci\u00f3n natural del color.<\/p>\n<div><span class=\"lens-attribute-name\">TNS cat 3<\/span>\u00a0<span class=\"lens-attribute-category\">&#8211; Cat. 3<\/span><\/div>\n<div><\/div>\n<ul>\n<li>Disponible con lente Volt +<\/li>\n<li>Disponible con lente polarizada para PC<\/li>\n<li>Thermogrip\u00ae<\/li>\n<li>Marco de nailon TR90<\/li>\n<li>Bisagra a presi\u00f3n<\/li>\n<li>Patillas rectas din\u00e1micas<\/li>\n<\/ul>\n","protected":false},"featured_media":2454,"template":"","meta":{"_acf_changed":false},"product_brand":[],"product_cat":[158,45,20],"product_tag":[135,125],"class_list":{"0":"post-2453","1":"product","2":"type-product","3":"status-publish","4":"has-post-thumbnail","6":"product_cat-dsi02","7":"product_cat-policarbonato","8":"product_cat-gafas-bolle-en-colombia","9":"product_tag-polarizado","10":"product_tag-policarbonato","12":"first","13":"instock","14":"sale","15":"featured","16":"taxable","17":"shipping-taxable","18":"purchasable","19":"product-type-simple"},"acf":[],"_links":{"self":[{"href":"https:\/\/bolle.com.co\/index.php\/wp-json\/wp\/v2\/product\/2453","targetHints":{"allow":["GET"]}}],"collection":[{"href":"https:\/\/bolle.com.co\/index.php\/wp-json\/wp\/v2\/product"}],"about":[{"href":"https:\/\/bolle.com.co\/index.php\/wp-json\/wp\/v2\/types\/product"}],"wp:featuredmedia":[{"embeddable":true,"href":"https:\/\/bolle.com.co\/index.php\/wp-json\/wp\/v2\/media\/2454"}],"wp:attachment":[{"href":"https:\/\/bolle.com.co\/index.php\/wp-json\/wp\/v2\/media?parent=2453"}],"wp:term":[{"taxonomy":"product_brand","embeddable":true,"href":"https:\/\/bolle.com.co\/index.php\/wp-json\/wp\/v2\/product_brand?post=2453"},{"taxonomy":"product_cat","embeddable":true,"href":"https:\/\/bolle.com.co\/index.php\/wp-json\/wp\/v2\/product_cat?post=2453"},{"taxonomy":"product_tag","embeddable":true,"href":"https:\/\/bolle.com.co\/index.php\/wp-json\/wp\/v2\/product_tag?post=2453"}],"curies":[{"name":"wp","href":"https:\/\/api.w.org\/{rel}","templated":true}]}}