{"id":2525,"date":"2021-10-20T16:22:27","date_gmt":"2021-10-20T16:22:27","guid":{"rendered":"https:\/\/bolle.com.co\/?post_type=product&#038;p=2525"},"modified":"2025-11-29T16:20:23","modified_gmt":"2025-11-29T16:20:23","slug":"prize-navy-crystal-shiny","status":"publish","type":"product","link":"https:\/\/bolle.com.co\/index.php\/product\/prize-navy-crystal-shiny\/","title":{"rendered":"PRIZE NAVY CRYSTAL SHINY"},"content":{"rendered":"<p>PRIZE tiene un dise\u00f1o de ojo de gato llamativo bien equilibrado en la familia Slim de productos de estilo de vida deportivos, livianos y elegantes. Los \u00e1ngulos de corte le dan un gran car\u00e1cter y distinci\u00f3n, mientras que las caracter\u00edsticas deportivas como la goma Thermogrip\u00ae y las patillas rectas mejoran su potencial de rendimiento.<\/p>\n<p>Volt+ Cold White Cat 3 cat 3 &#8211; Cat. 3<\/p>\n<ul>\n<li>Disponible con lente Volt +<\/li>\n<li>Disponible con lente polarizada para PC<\/li>\n<li>Thermogrip\u00ae<\/li>\n<li>Marco de nailon TR90<\/li>\n<li>Bisagra a presi\u00f3n<\/li>\n<li>Patillas rectas din\u00e1micas<\/li>\n<\/ul>\n","protected":false},"excerpt":{"rendered":"<p>PRIZE tiene un dise\u00f1o de ojo de gato llamativo bien equilibrado en la familia Slim de productos de estilo de vida deportivos livianos y elegantes. Los \u00e1ngulos de corte le dan un gran car\u00e1cter y distinci\u00f3n, mientras que las caracter\u00edsticas deportivas como la goma Thermogrip\u00ae y las patillas rectas mejoran su potencial de rendimiento.<\/p>\n<p><strong>Volt+ Cold White Cat 3 cat 3 &#8211; Cat. 3<\/strong><\/p>\n<ul>\n<li>Disponible con lente Volt +<\/li>\n<li>Disponible con lente polarizada para PC<\/li>\n<li>Thermogrip\u00ae<\/li>\n<li>Marco de nailon TR90<\/li>\n<li>Bisagra a presi\u00f3n<\/li>\n<li>Patillas rectas din\u00e1micas<\/li>\n<\/ul>\n","protected":false},"featured_media":2526,"template":"","meta":{"_acf_changed":false},"product_brand":[],"product_cat":[160,158,162,20,36],"product_tag":[],"class_list":{"0":"post-2525","1":"product","2":"type-product","3":"status-publish","4":"has-post-thumbnail","6":"product_cat-black-friday","7":"product_cat-dsi02","8":"product_cat-lifestyle","9":"product_cat-gafas-bolle-en-colombia","10":"product_cat-volt","12":"first","13":"instock","14":"sale","15":"featured","16":"taxable","17":"shipping-taxable","18":"purchasable","19":"product-type-simple"},"acf":[],"_links":{"self":[{"href":"https:\/\/bolle.com.co\/index.php\/wp-json\/wp\/v2\/product\/2525","targetHints":{"allow":["GET"]}}],"collection":[{"href":"https:\/\/bolle.com.co\/index.php\/wp-json\/wp\/v2\/product"}],"about":[{"href":"https:\/\/bolle.com.co\/index.php\/wp-json\/wp\/v2\/types\/product"}],"wp:featuredmedia":[{"embeddable":true,"href":"https:\/\/bolle.com.co\/index.php\/wp-json\/wp\/v2\/media\/2526"}],"wp:attachment":[{"href":"https:\/\/bolle.com.co\/index.php\/wp-json\/wp\/v2\/media?parent=2525"}],"wp:term":[{"taxonomy":"product_brand","embeddable":true,"href":"https:\/\/bolle.com.co\/index.php\/wp-json\/wp\/v2\/product_brand?post=2525"},{"taxonomy":"product_cat","embeddable":true,"href":"https:\/\/bolle.com.co\/index.php\/wp-json\/wp\/v2\/product_cat?post=2525"},{"taxonomy":"product_tag","embeddable":true,"href":"https:\/\/bolle.com.co\/index.php\/wp-json\/wp\/v2\/product_tag?post=2525"}],"curies":[{"name":"wp","href":"https:\/\/api.w.org\/{rel}","templated":true}]}}