{"id":2537,"date":"2021-10-22T13:55:03","date_gmt":"2021-10-22T13:55:03","guid":{"rendered":"https:\/\/bolle.com.co\/?post_type=product&#038;p=2537"},"modified":"2025-11-29T16:19:37","modified_gmt":"2025-11-29T16:19:37","slug":"prize-black-crystal-matte","status":"publish","type":"product","link":"https:\/\/bolle.com.co\/index.php\/product\/prize-black-crystal-matte\/","title":{"rendered":"PRIZE BLACK CRYSTAL MATTE &#8211; BROWN PINK POLARIZED"},"content":{"rendered":"<p>PRIZE tiene un dise\u00f1o de ojo de gato llamativo bien equilibrado en la familia Slim de productos de estilo de vida deportivos livianos y elegantes. Los \u00e1ngulos de corte le dan un gran car\u00e1cter y distinci\u00f3n, mientras que las caracter\u00edsticas deportivas como la goma Thermogrip\u00ae y las patillas rectas mejoran su potencial de rendimiento.<\/p>\n<div><span class=\"lens-attribute-name\">HD Polarized Brown Pink cat 3\u00a0<\/span><span class=\"lens-attribute-category\">&#8211; Cat.\u00a03<\/span><\/div>\n<div><\/div>\n<ul>\n<li>Disponible con lente Volt +<\/li>\n<li>Disponible con lente polarizada para PC<\/li>\n<li>Thermogrip\u00ae<\/li>\n<li>Marco de nailon TR90<\/li>\n<li>Bisagra a presi\u00f3n<\/li>\n<li>Patillas rectas din\u00e1micas<\/li>\n<\/ul>\n","protected":false},"excerpt":{"rendered":"<p>PRIZE tiene un dise\u00f1o de ojo de gato llamativo bien equilibrado en la familia Slim de productos de estilo de vida deportivo livianos y elegantes. Los \u00e1ngulos de corte le dan un gran car\u00e1cter y distinci\u00f3n, mientras que las caracter\u00edsticas deportivas como la goma Thermogrip\u00ae y las patillas rectas mejoran su potencial de rendimiento.<\/p>\n<p><strong>HD Polarized Brown Pink cat 3 &#8211; Cat. 3<\/strong><\/p>\n<ul>\n<li>Disponible con lente Volt +<\/li>\n<li>Disponible con lente polarizada para PC<\/li>\n<li>Thermogrip\u00ae<\/li>\n<li>Marco de nailon TR90<\/li>\n<li>Bisagra a presi\u00f3n<\/li>\n<li>Patillas rectas din\u00e1micas<\/li>\n<\/ul>\n","protected":false},"featured_media":2538,"template":"","meta":{"_acf_changed":false},"product_brand":[],"product_cat":[158,162,45,20],"product_tag":[],"class_list":{"0":"post-2537","1":"product","2":"type-product","3":"status-publish","4":"has-post-thumbnail","6":"product_cat-dsi02","7":"product_cat-lifestyle","8":"product_cat-policarbonato","9":"product_cat-gafas-bolle-en-colombia","11":"first","12":"instock","13":"sale","14":"featured","15":"taxable","16":"shipping-taxable","17":"purchasable","18":"product-type-simple"},"acf":[],"_links":{"self":[{"href":"https:\/\/bolle.com.co\/index.php\/wp-json\/wp\/v2\/product\/2537","targetHints":{"allow":["GET"]}}],"collection":[{"href":"https:\/\/bolle.com.co\/index.php\/wp-json\/wp\/v2\/product"}],"about":[{"href":"https:\/\/bolle.com.co\/index.php\/wp-json\/wp\/v2\/types\/product"}],"wp:featuredmedia":[{"embeddable":true,"href":"https:\/\/bolle.com.co\/index.php\/wp-json\/wp\/v2\/media\/2538"}],"wp:attachment":[{"href":"https:\/\/bolle.com.co\/index.php\/wp-json\/wp\/v2\/media?parent=2537"}],"wp:term":[{"taxonomy":"product_brand","embeddable":true,"href":"https:\/\/bolle.com.co\/index.php\/wp-json\/wp\/v2\/product_brand?post=2537"},{"taxonomy":"product_cat","embeddable":true,"href":"https:\/\/bolle.com.co\/index.php\/wp-json\/wp\/v2\/product_cat?post=2537"},{"taxonomy":"product_tag","embeddable":true,"href":"https:\/\/bolle.com.co\/index.php\/wp-json\/wp\/v2\/product_tag?post=2537"}],"curies":[{"name":"wp","href":"https:\/\/api.w.org\/{rel}","templated":true}]}}