{"id":2774,"date":"2022-01-20T20:56:03","date_gmt":"2022-01-20T20:56:03","guid":{"rendered":"https:\/\/bolle.com.co\/?post_type=product&#038;p=2774"},"modified":"2026-02-26T16:35:44","modified_gmt":"2026-02-26T16:35:44","slug":"c-shifter-white-matte-volt-gun","status":"publish","type":"product","link":"https:\/\/bolle.com.co\/index.php\/product\/c-shifter-white-matte-volt-gun\/","title":{"rendered":"C-SHIFTER WHITE MATTE &#8211; VOLT GUN"},"content":{"rendered":"<p>Mant\u00e9ngase al tanto de las tendencias y el rendimiento con el nuevo modelo de la familia SHIFTER. Es elegante con un dise\u00f1o cil\u00edndrico audaz de alto rendimiento, con caracter\u00edsticas ultra t\u00e9cnicas, las C-SHIFTER tiene todo lo que necesitas para marcar la diferencia. Proporciona una excelente ventilaci\u00f3n, la montura de nailon TR90 es ligera, flexible y c\u00f3moda, la pieza nasal y las puntas de las patillas ajustables con goma Thermogrip\u00ae ofrecen un ajuste perfecto sin importar la intensidad de la acci\u00f3n.<\/p>\n<p><strong><em>VOLT GUN &#8211; CAT 3<\/em><\/strong><\/p>\n<ul>\n<li>Disponible con Lentes Volt +<\/li>\n<li>Peso : 34g<\/li>\n<li>Plaquetas con 3 posiciones Ajustables Para La Nariz<\/li>\n<li>Pieza nasal hidrof\u00edlica Thermogrip<\/li>\n<li>Tratamiento Antiempa\u00f1amiento P80+<\/li>\n<li>Tratamiento Oleof\u00f3bico<\/li>\n<li>Thermogrip\u00ae<\/li>\n<li>Lente Resistente A Impactos NXT\u00ae<\/li>\n<\/ul>\n","protected":false},"excerpt":{"rendered":"<p>Mant\u00e9ngase al tanto de las tendencias y el rendimiento con el nuevo modelo de la familia SHIFTER. Es elegante con un dise\u00f1o cil\u00edndrico audaz de alto rendimiento, con caracter\u00edsticas ultra t\u00e9cnicas, las C-SHIFTER tiene todo lo que necesitas para marcar la diferencia. Proporciona una excelente ventilaci\u00f3n, la montura de nailon TR90 es ligera, flexible y c\u00f3moda, la pieza nasal y las puntas de las patillas ajustables con goma Thermogrip\u00ae ofrecen un ajuste perfecto sin importar la intensidad de la acci\u00f3n.<\/p>\n<p><em><strong>Volt+ Ultraviolet Cat 3<\/strong><\/em><\/p>\n","protected":false},"featured_media":2810,"template":"","meta":{"_acf_changed":false},"product_brand":[],"product_cat":[160,158,20,36],"product_tag":[],"class_list":{"0":"post-2774","1":"product","2":"type-product","3":"status-publish","4":"has-post-thumbnail","6":"product_cat-black-friday","7":"product_cat-dsi02","8":"product_cat-gafas-bolle-en-colombia","9":"product_cat-volt","11":"first","12":"instock","13":"featured","14":"taxable","15":"shipping-taxable","16":"purchasable","17":"product-type-simple"},"acf":[],"_links":{"self":[{"href":"https:\/\/bolle.com.co\/index.php\/wp-json\/wp\/v2\/product\/2774","targetHints":{"allow":["GET"]}}],"collection":[{"href":"https:\/\/bolle.com.co\/index.php\/wp-json\/wp\/v2\/product"}],"about":[{"href":"https:\/\/bolle.com.co\/index.php\/wp-json\/wp\/v2\/types\/product"}],"wp:featuredmedia":[{"embeddable":true,"href":"https:\/\/bolle.com.co\/index.php\/wp-json\/wp\/v2\/media\/2810"}],"wp:attachment":[{"href":"https:\/\/bolle.com.co\/index.php\/wp-json\/wp\/v2\/media?parent=2774"}],"wp:term":[{"taxonomy":"product_brand","embeddable":true,"href":"https:\/\/bolle.com.co\/index.php\/wp-json\/wp\/v2\/product_brand?post=2774"},{"taxonomy":"product_cat","embeddable":true,"href":"https:\/\/bolle.com.co\/index.php\/wp-json\/wp\/v2\/product_cat?post=2774"},{"taxonomy":"product_tag","embeddable":true,"href":"https:\/\/bolle.com.co\/index.php\/wp-json\/wp\/v2\/product_tag?post=2774"}],"curies":[{"name":"wp","href":"https:\/\/api.w.org\/{rel}","templated":true}]}}