{"id":2776,"date":"2022-01-20T21:03:36","date_gmt":"2022-01-20T21:03:36","guid":{"rendered":"https:\/\/bolle.com.co\/?post_type=product&#038;p=2776"},"modified":"2026-02-26T16:35:37","modified_gmt":"2026-02-26T16:35:37","slug":"c-shifter-black-matte-volt-gun","status":"publish","type":"product","link":"https:\/\/bolle.com.co\/index.php\/product\/c-shifter-black-matte-volt-gun\/","title":{"rendered":"C-SHIFTER BLACK MATTE &#8211; VOLT GUN"},"content":{"rendered":"<p>Mant\u00e9ngase al tanto de las tendencias y el rendimiento con el nuevo modelo de la familia SHIFTER. Es elegante con un dise\u00f1o cil\u00edndrico audaz de alto rendimiento, con caracter\u00edsticas ultra t\u00e9cnicas, las C-SHIFTER tiene todo lo que necesitas para marcar la diferencia. Proporciona una excelente ventilaci\u00f3n, la montura de nailon TR90 es ligera, flexible y c\u00f3moda, la pieza nasal y las puntas de las patillas ajustables con goma Thermogrip\u00ae ofrecen un ajuste perfecto sin importar la intensidad de la acci\u00f3n.<\/p>\n<p><em><strong>VOLT GUN CAT 3<\/strong><\/em><\/p>\n<p>&nbsp;<\/p>\n<p>&nbsp;<\/p>\n","protected":false},"excerpt":{"rendered":"<p>Mant\u00e9ngase al tanto de las tendencias y el rendimiento con el nuevo modelo de la familia SHIFTER. Es elegante con un dise\u00f1o cil\u00edndrico audaz de alto rendimiento, con caracter\u00edsticas ultra t\u00e9cnicas, las C-SHIFTER tiene todo lo que necesitas para marcar la diferencia. Proporciona una excelente ventilaci\u00f3n, la montura de nailon TR90 es ligera, flexible y c\u00f3moda, la pieza nasal y las puntas de las patillas ajustables con goma Thermogrip\u00ae ofrecen un ajuste perfecto sin importar la intensidad de la acci\u00f3n.<\/p>\n<p><em><strong>VOLT GUN CAT 3<\/strong><\/em><\/p>\n","protected":false},"featured_media":2812,"template":"","meta":{"_acf_changed":false},"product_brand":[],"product_cat":[160,158,20,36],"product_tag":[],"class_list":{"0":"post-2776","1":"product","2":"type-product","3":"status-publish","4":"has-post-thumbnail","6":"product_cat-black-friday","7":"product_cat-dsi02","8":"product_cat-gafas-bolle-en-colombia","9":"product_cat-volt","11":"first","12":"instock","13":"featured","14":"taxable","15":"shipping-taxable","16":"purchasable","17":"product-type-simple"},"acf":[],"_links":{"self":[{"href":"https:\/\/bolle.com.co\/index.php\/wp-json\/wp\/v2\/product\/2776","targetHints":{"allow":["GET"]}}],"collection":[{"href":"https:\/\/bolle.com.co\/index.php\/wp-json\/wp\/v2\/product"}],"about":[{"href":"https:\/\/bolle.com.co\/index.php\/wp-json\/wp\/v2\/types\/product"}],"wp:featuredmedia":[{"embeddable":true,"href":"https:\/\/bolle.com.co\/index.php\/wp-json\/wp\/v2\/media\/2812"}],"wp:attachment":[{"href":"https:\/\/bolle.com.co\/index.php\/wp-json\/wp\/v2\/media?parent=2776"}],"wp:term":[{"taxonomy":"product_brand","embeddable":true,"href":"https:\/\/bolle.com.co\/index.php\/wp-json\/wp\/v2\/product_brand?post=2776"},{"taxonomy":"product_cat","embeddable":true,"href":"https:\/\/bolle.com.co\/index.php\/wp-json\/wp\/v2\/product_cat?post=2776"},{"taxonomy":"product_tag","embeddable":true,"href":"https:\/\/bolle.com.co\/index.php\/wp-json\/wp\/v2\/product_tag?post=2776"}],"curies":[{"name":"wp","href":"https:\/\/api.w.org\/{rel}","templated":true}]}}