{"id":2779,"date":"2022-01-20T21:13:21","date_gmt":"2022-01-20T21:13:21","guid":{"rendered":"https:\/\/bolle.com.co\/?post_type=product&#038;p=2779"},"modified":"2026-02-26T16:35:30","modified_gmt":"2026-02-26T16:35:30","slug":"c-shifter-black-matte-tns-gold","status":"publish","type":"product","link":"https:\/\/bolle.com.co\/index.php\/product\/c-shifter-black-matte-tns-gold\/","title":{"rendered":"C-SHIFTER BLACK MATTE &#8211; TNS GOLD"},"content":{"rendered":"<p>Mant\u00e9ngase al tanto de las tendencias y el rendimiento con el nuevo modelo de la familia SHIFTER. Es elegante con un dise\u00f1o cil\u00edndrico audaz de alto rendimiento, con caracter\u00edsticas ultra t\u00e9cnicas, las C-SHIFTER tiene todo lo que necesitas para marcar la diferencia. Proporciona una excelente ventilaci\u00f3n, la montura de nailon TR90 es ligera, flexible y c\u00f3moda, la pieza nasal y las puntas de las patillas ajustables con goma Thermogrip\u00ae ofrecen un ajuste perfecto sin importar la intensidad de la acci\u00f3n.<\/p>\n<p><em><strong>TNS GOLD CAT 3<\/strong><\/em><\/p>\n","protected":false},"excerpt":{"rendered":"<p>Mant\u00e9ngase al tanto de las tendencias y el rendimiento con el nuevo modelo de la familia SHIFTER. Es elegante con un dise\u00f1o cil\u00edndrico audaz de alto rendimiento, con caracter\u00edsticas ultra t\u00e9cnicas, las C-SHIFTER tiene todo lo que necesitas para marcar la diferencia. Proporciona una excelente ventilaci\u00f3n, la montura de nailon TR90 es ligera, flexible y c\u00f3moda, la pieza nasal y las puntas de las patillas ajustables con goma Thermogrip\u00ae ofrecen un ajuste perfecto sin importar la intensidad de la acci\u00f3n.<\/p>\n<p><em><strong>TNS GOLD CAT 3<\/strong><\/em><\/p>\n","protected":false},"featured_media":2813,"template":"","meta":{"_acf_changed":false},"product_brand":[],"product_cat":[158,45,20],"product_tag":[],"class_list":{"0":"post-2779","1":"product","2":"type-product","3":"status-publish","4":"has-post-thumbnail","6":"product_cat-dsi02","7":"product_cat-policarbonato","8":"product_cat-gafas-bolle-en-colombia","10":"first","11":"instock","12":"featured","13":"taxable","14":"shipping-taxable","15":"purchasable","16":"product-type-simple"},"acf":[],"_links":{"self":[{"href":"https:\/\/bolle.com.co\/index.php\/wp-json\/wp\/v2\/product\/2779","targetHints":{"allow":["GET"]}}],"collection":[{"href":"https:\/\/bolle.com.co\/index.php\/wp-json\/wp\/v2\/product"}],"about":[{"href":"https:\/\/bolle.com.co\/index.php\/wp-json\/wp\/v2\/types\/product"}],"wp:featuredmedia":[{"embeddable":true,"href":"https:\/\/bolle.com.co\/index.php\/wp-json\/wp\/v2\/media\/2813"}],"wp:attachment":[{"href":"https:\/\/bolle.com.co\/index.php\/wp-json\/wp\/v2\/media?parent=2779"}],"wp:term":[{"taxonomy":"product_brand","embeddable":true,"href":"https:\/\/bolle.com.co\/index.php\/wp-json\/wp\/v2\/product_brand?post=2779"},{"taxonomy":"product_cat","embeddable":true,"href":"https:\/\/bolle.com.co\/index.php\/wp-json\/wp\/v2\/product_cat?post=2779"},{"taxonomy":"product_tag","embeddable":true,"href":"https:\/\/bolle.com.co\/index.php\/wp-json\/wp\/v2\/product_tag?post=2779"}],"curies":[{"name":"wp","href":"https:\/\/api.w.org\/{rel}","templated":true}]}}