{"id":2930,"date":"2022-05-24T14:20:52","date_gmt":"2022-05-24T14:20:52","guid":{"rendered":"https:\/\/bolle.com.co\/?post_type=product&#038;p=2930"},"modified":"2025-11-19T13:54:44","modified_gmt":"2025-11-19T13:54:44","slug":"lightshifter-white-matte-glaz-phantom-clear-green-photochromic","status":"publish","type":"product","link":"https:\/\/bolle.com.co\/index.php\/product\/lightshifter-white-matte-glaz-phantom-clear-green-photochromic\/","title":{"rendered":"LIGHTSHIFTER WHITE MATTE GLAZ- PHANTOM CLEAR GREEN PHOTOCHROMIC"},"content":{"rendered":"<p>Estilo semi-sin montura con un peque\u00f1o ajuste, LIGHTSHIFTER combina lo mejor de nuestras tecnolog\u00edas. Las patillas curvadas, el escudo ventilado y las lentes Phantom han hecho que LIGHTSHIFTER sea la elecci\u00f3n natural del equipo de profesionales de AG2R La Mondiale.<\/p>\n<p><strong><em>PHANTOM CLEAR GREEN &#8211; CAT 1 TO 3<\/em><\/strong><\/p>\n<ul>\n<li>\u00a0100% protecci\u00f3n UV.<\/li>\n<li><i class=\"fas fa-check\"><\/i>\u00a0Lente fotocrom\u00e1tica.<\/li>\n<li><i class=\"fas fa-check\"><\/i>\u00a0Claridad \u00f3ptica.<\/li>\n<li><i class=\"fas fa-check\"><\/i>\u00a0Antiempa\u00f1o Platinum.<\/li>\n<li><i class=\"fas fa-check\"><\/i>\u00a0Resistencia a impactos.<\/li>\n<\/ul>\n","protected":false},"excerpt":{"rendered":"<ul class=\"list-unstyled mt-3\">\n<li>\u00a0100% protecci\u00f3n UV.<\/li>\n<li><i class=\"fas fa-check\"><\/i>\u00a0Lente fotocrom\u00e1tica.<\/li>\n<li><i class=\"fas fa-check\"><\/i>\u00a0Claridad \u00f3ptica.<\/li>\n<li><i class=\"fas fa-check\"><\/i>\u00a0Antiempa\u00f1o Platinum.<\/li>\n<li><i class=\"fas fa-check\"><\/i>\u00a0Resistencia a impactos.<\/li>\n<\/ul>\n<p><strong><em>PHANTOM CLEAR GREEN &#8211; CAT 1 TO 3<\/em><\/strong><\/p>\n","protected":false},"featured_media":2931,"template":"","meta":{"_acf_changed":false},"product_brand":[],"product_cat":[160,158,129,37,127,20],"product_tag":[],"class_list":{"0":"post-2930","1":"product","2":"type-product","3":"status-publish","4":"has-post-thumbnail","6":"product_cat-black-friday","7":"product_cat-dsi02","8":"product_cat-fotocromatico-gafas-bolle-en-colombia","9":"product_cat-phanton","10":"product_cat-phanton-gafas-bolle-en-colombia","11":"product_cat-gafas-bolle-en-colombia","13":"first","14":"outofstock","15":"taxable","16":"shipping-taxable","17":"purchasable","18":"product-type-simple"},"acf":[],"_links":{"self":[{"href":"https:\/\/bolle.com.co\/index.php\/wp-json\/wp\/v2\/product\/2930","targetHints":{"allow":["GET"]}}],"collection":[{"href":"https:\/\/bolle.com.co\/index.php\/wp-json\/wp\/v2\/product"}],"about":[{"href":"https:\/\/bolle.com.co\/index.php\/wp-json\/wp\/v2\/types\/product"}],"wp:featuredmedia":[{"embeddable":true,"href":"https:\/\/bolle.com.co\/index.php\/wp-json\/wp\/v2\/media\/2931"}],"wp:attachment":[{"href":"https:\/\/bolle.com.co\/index.php\/wp-json\/wp\/v2\/media?parent=2930"}],"wp:term":[{"taxonomy":"product_brand","embeddable":true,"href":"https:\/\/bolle.com.co\/index.php\/wp-json\/wp\/v2\/product_brand?post=2930"},{"taxonomy":"product_cat","embeddable":true,"href":"https:\/\/bolle.com.co\/index.php\/wp-json\/wp\/v2\/product_cat?post=2930"},{"taxonomy":"product_tag","embeddable":true,"href":"https:\/\/bolle.com.co\/index.php\/wp-json\/wp\/v2\/product_tag?post=2930"}],"curies":[{"name":"wp","href":"https:\/\/api.w.org\/{rel}","templated":true}]}}