{"id":2946,"date":"2022-05-25T14:52:36","date_gmt":"2022-05-25T14:52:36","guid":{"rendered":"https:\/\/bolle.com.co\/?post_type=product&#038;p=2946"},"modified":"2026-02-26T16:34:00","modified_gmt":"2026-02-26T16:34:00","slug":"livewire-silver-matte-tns-palarized","status":"publish","type":"product","link":"https:\/\/bolle.com.co\/index.php\/product\/livewire-silver-matte-tns-palarized\/","title":{"rendered":"LIVEWIRE SILVER MATTE &#8211; TNS POLARIZED"},"content":{"rendered":"<p>Perfecta opci\u00f3n sutil y ligera para llevar a diario, las LIVEWIRE son un modelo tipo aviador redondo cl\u00e1sico de metal que se ha redise\u00f1ado conforme a la filosof\u00eda de Boll\u00e9. Se caracterizan por sus patillas curvadas en S y su doble puente, y se adaptan perfectamente a un estilo de vida activo gracias a sus puntas de patilla Thermogrip\u00ae y su almohadilla nasal de silicona, que garantizan una comodidad y estabilidad inigualables. Disponibles con las Volt+, las revolucionarias lentes de alto contraste y polarizadas de Boll\u00e9.<\/p>\n<p><em><strong><span class=\"lens-attribute-name\">HD polarizado TNS cat 3\u00a0<\/span><span class=\"lens-attribute-category\">&#8211; Cat.3<\/span><\/strong><\/em><\/p>\n","protected":false},"excerpt":{"rendered":"<p>Una lente cl\u00e1sica de policarbonato para una excelente visibilidad y una protecci\u00f3n UV del 100%. Su base gris permite la percepci\u00f3n natural de los colores.<\/p>\n<p><em><strong><span class=\"lens-attribute-name\">HD polarizado TNS cat 3\u00a0<\/span><span class=\"lens-attribute-category\">&#8211; Cat.3<\/span><\/strong><\/em><\/p>\n<ul>\n<li>100% protecci\u00f3n UV.<\/li>\n<li><i class=\"fas fa-check\"><\/i>Ligero.<\/li>\n<li><i class=\"fas fa-check\"><\/i>polarizado.<i class=\"fas fa-check\"><\/i><\/li>\n<\/ul>\n","protected":false},"featured_media":2947,"template":"","meta":{"_acf_changed":false},"product_brand":[],"product_cat":[158,162,45,20],"product_tag":[135,125],"class_list":{"0":"post-2946","1":"product","2":"type-product","3":"status-publish","4":"has-post-thumbnail","6":"product_cat-dsi02","7":"product_cat-lifestyle","8":"product_cat-policarbonato","9":"product_cat-gafas-bolle-en-colombia","10":"product_tag-polarizado","11":"product_tag-policarbonato","13":"first","14":"instock","15":"featured","16":"taxable","17":"shipping-taxable","18":"purchasable","19":"product-type-simple"},"acf":[],"_links":{"self":[{"href":"https:\/\/bolle.com.co\/index.php\/wp-json\/wp\/v2\/product\/2946","targetHints":{"allow":["GET"]}}],"collection":[{"href":"https:\/\/bolle.com.co\/index.php\/wp-json\/wp\/v2\/product"}],"about":[{"href":"https:\/\/bolle.com.co\/index.php\/wp-json\/wp\/v2\/types\/product"}],"wp:featuredmedia":[{"embeddable":true,"href":"https:\/\/bolle.com.co\/index.php\/wp-json\/wp\/v2\/media\/2947"}],"wp:attachment":[{"href":"https:\/\/bolle.com.co\/index.php\/wp-json\/wp\/v2\/media?parent=2946"}],"wp:term":[{"taxonomy":"product_brand","embeddable":true,"href":"https:\/\/bolle.com.co\/index.php\/wp-json\/wp\/v2\/product_brand?post=2946"},{"taxonomy":"product_cat","embeddable":true,"href":"https:\/\/bolle.com.co\/index.php\/wp-json\/wp\/v2\/product_cat?post=2946"},{"taxonomy":"product_tag","embeddable":true,"href":"https:\/\/bolle.com.co\/index.php\/wp-json\/wp\/v2\/product_tag?post=2946"}],"curies":[{"name":"wp","href":"https:\/\/api.w.org\/{rel}","templated":true}]}}