{"id":2963,"date":"2022-05-26T18:10:08","date_gmt":"2022-05-26T18:10:08","guid":{"rendered":"https:\/\/bolle.com.co\/?post_type=product&#038;p=2963"},"modified":"2026-02-26T16:33:35","modified_gmt":"2026-02-26T16:33:35","slug":"icarus-black-matte-phantom-brown-red-photochromic","status":"publish","type":"product","link":"https:\/\/bolle.com.co\/index.php\/product\/icarus-black-matte-phantom-brown-red-photochromic\/","title":{"rendered":"ICARUS BLACK MATTE &#8211; PHANTOM BROWN RED PHOTOCHROMIC"},"content":{"rendered":"<p>Cuando se trata de peso ligero, no busque m\u00e1s. ICARUS es el nuevo modelo sin marco ultraligero de Boll\u00e9, 24 gramos de puro rendimiento. Se garantiza una gran estabilidad mediante el uso de caucho Thermogrip\u00ae tanto en las patillas curvas en S como en la plaqueta nasal.\u00a0Esta base 6 est\u00e1 disponible con Phantom, la lente fotocrom\u00e1tica m\u00e1s avanzada del mercado y Volt+, nuestra revolucionaria lente polarizada de alto contraste.<\/p>\n<div><strong><em>PHANTOM BROWN RED &#8211; CAT 2 TO 3<\/em><\/strong><\/div>\n<div><\/div>\n<ul>\n<li>100% protecci\u00f3n UV.<\/li>\n<li>Lente fotocrom\u00e1tica.<\/li>\n<li>Claridad \u00f3ptica.<\/li>\n<li>Platino antivaho.<\/li>\n<li>Resistencia de alto impacto.<\/li>\n<li>Almohadillas nasales ajustables, pieza nasal y puntas de sien hidrof\u00edlicas en\u00a0 Thermogrip.<\/li>\n<\/ul>\n","protected":false},"excerpt":{"rendered":"<p>Las lentes fotocrom\u00e1ticas Phantom de Boll\u00e9 protegen al 100% de los rayos UV y garantizan una claridad \u00f3ptica sorpendente para un confor sin igual.<\/p>\n<div><strong><em>PHANTOM BROWN RED &#8211; CAT 2 TO 3<\/em><\/strong><\/div>\n<p>&nbsp;<\/p>\n","protected":false},"featured_media":2964,"template":"","meta":{"_acf_changed":false},"product_brand":[],"product_cat":[160,158,129,37,127,20],"product_tag":[],"class_list":{"0":"post-2963","1":"product","2":"type-product","3":"status-publish","4":"has-post-thumbnail","6":"product_cat-black-friday","7":"product_cat-dsi02","8":"product_cat-fotocromatico-gafas-bolle-en-colombia","9":"product_cat-phanton","10":"product_cat-phanton-gafas-bolle-en-colombia","11":"product_cat-gafas-bolle-en-colombia","13":"first","14":"instock","15":"taxable","16":"shipping-taxable","17":"purchasable","18":"product-type-simple"},"acf":[],"_links":{"self":[{"href":"https:\/\/bolle.com.co\/index.php\/wp-json\/wp\/v2\/product\/2963","targetHints":{"allow":["GET"]}}],"collection":[{"href":"https:\/\/bolle.com.co\/index.php\/wp-json\/wp\/v2\/product"}],"about":[{"href":"https:\/\/bolle.com.co\/index.php\/wp-json\/wp\/v2\/types\/product"}],"wp:featuredmedia":[{"embeddable":true,"href":"https:\/\/bolle.com.co\/index.php\/wp-json\/wp\/v2\/media\/2964"}],"wp:attachment":[{"href":"https:\/\/bolle.com.co\/index.php\/wp-json\/wp\/v2\/media?parent=2963"}],"wp:term":[{"taxonomy":"product_brand","embeddable":true,"href":"https:\/\/bolle.com.co\/index.php\/wp-json\/wp\/v2\/product_brand?post=2963"},{"taxonomy":"product_cat","embeddable":true,"href":"https:\/\/bolle.com.co\/index.php\/wp-json\/wp\/v2\/product_cat?post=2963"},{"taxonomy":"product_tag","embeddable":true,"href":"https:\/\/bolle.com.co\/index.php\/wp-json\/wp\/v2\/product_tag?post=2963"}],"curies":[{"name":"wp","href":"https:\/\/api.w.org\/{rel}","templated":true}]}}