{"id":3093,"date":"2023-04-14T20:15:28","date_gmt":"2023-04-14T20:15:28","guid":{"rendered":"https:\/\/bolle.com.co\/?post_type=product&#038;p=3093"},"modified":"2025-11-19T13:52:44","modified_gmt":"2025-11-19T13:52:44","slug":"status-grey-frost-brown-pink-polarized","status":"publish","type":"product","link":"https:\/\/bolle.com.co\/index.php\/product\/status-grey-frost-brown-pink-polarized\/","title":{"rendered":"STATUS GREY FROST &#8211; BROWN PINK POLARIZED"},"content":{"rendered":"<p>Las STATUS presentan una montura cl\u00e1sica mediana y rectangular con dise\u00f1o Boll\u00e9. Este modelo, modernizado con un logotipo met\u00e1lico, est\u00e1 equipado con caracter\u00edsticas de alto rendimiento como bisagras autoblocantes y terminales de las varillas y plaqueta nasal en goma Thermogrip\u00ae. Las STATUS, que forman parte de nuestra campa\u00f1a React for Good, se han fabricado con un material 45\u00a0% de origen biol\u00f3gico. Las revolucionarias lentes polarizadas y de alto contraste de Boll\u00e9 est\u00e1n disponibles con Volt+.<\/p>\n","protected":false},"excerpt":{"rendered":"<p>Un lente cl\u00e1sico de policarbonato para una excelente visibilidad y una protecci\u00f3n UV del 100%. Su tinte azul aumenta los contrastes en el agua.<\/p>\n<p><em><strong><span class=\"lens-attribute-name\">Volt+ Gun &#8211; Cat 3<\/span><\/strong><\/em><\/p>\n<ul>\n<li>\u00a0100% protecci\u00f3n UV.<\/li>\n<li><i class=\"fas fa-check\"><\/i>\u00a0Ligera.<\/li>\n<li><i class=\"fas fa-check\"><\/i>\u00a0Visibilidad.<\/li>\n<li><i class=\"fas fa-check\"><\/i>\u00a0Protecci\u00f3n.<\/li>\n<\/ul>\n","protected":false},"featured_media":3096,"template":"","meta":{"_acf_changed":false},"product_brand":[],"product_cat":[158,162,45,20],"product_tag":[135,125],"class_list":{"0":"post-3093","1":"product","2":"type-product","3":"status-publish","4":"has-post-thumbnail","6":"product_cat-dsi02","7":"product_cat-lifestyle","8":"product_cat-policarbonato","9":"product_cat-gafas-bolle-en-colombia","10":"product_tag-polarizado","11":"product_tag-policarbonato","13":"first","14":"outofstock","15":"featured","16":"taxable","17":"shipping-taxable","18":"purchasable","19":"product-type-simple"},"acf":[],"_links":{"self":[{"href":"https:\/\/bolle.com.co\/index.php\/wp-json\/wp\/v2\/product\/3093","targetHints":{"allow":["GET"]}}],"collection":[{"href":"https:\/\/bolle.com.co\/index.php\/wp-json\/wp\/v2\/product"}],"about":[{"href":"https:\/\/bolle.com.co\/index.php\/wp-json\/wp\/v2\/types\/product"}],"wp:featuredmedia":[{"embeddable":true,"href":"https:\/\/bolle.com.co\/index.php\/wp-json\/wp\/v2\/media\/3096"}],"wp:attachment":[{"href":"https:\/\/bolle.com.co\/index.php\/wp-json\/wp\/v2\/media?parent=3093"}],"wp:term":[{"taxonomy":"product_brand","embeddable":true,"href":"https:\/\/bolle.com.co\/index.php\/wp-json\/wp\/v2\/product_brand?post=3093"},{"taxonomy":"product_cat","embeddable":true,"href":"https:\/\/bolle.com.co\/index.php\/wp-json\/wp\/v2\/product_cat?post=3093"},{"taxonomy":"product_tag","embeddable":true,"href":"https:\/\/bolle.com.co\/index.php\/wp-json\/wp\/v2\/product_tag?post=3093"}],"curies":[{"name":"wp","href":"https:\/\/api.w.org\/{rel}","templated":true}]}}