{"id":3147,"date":"2023-04-17T21:13:39","date_gmt":"2023-04-17T21:13:39","guid":{"rendered":"https:\/\/bolle.com.co\/?post_type=product&#038;p=3147"},"modified":"2026-02-26T16:33:06","modified_gmt":"2026-02-26T16:33:06","slug":"flow-silver-matte-volt-offshore-polarized","status":"publish","type":"product","link":"https:\/\/bolle.com.co\/index.php\/product\/flow-silver-matte-volt-offshore-polarized\/","title":{"rendered":"FLOW SILVER MATTE &#8211; VOLT + OFFSHORE POLARIZED"},"content":{"rendered":"<p>Como parte de la familia metal, FLOW es una montura cl\u00e1sica\u00a0 rectangular de aviador combinada con el vanguardista dise\u00f1o de Boll\u00e9. Un modelo con car\u00e1cter muy bien equilibrado. Caracterizado por sus patillas curvadas en S y un puente doble, este modelo se adapta perfectamente a un estilo de vida activo gracias a sus puntas de patilla Thermogrip y la almohadilla nasal de silicona que garantizan una excelente comodidad y estabilidad.\u00a0Disponible con\u00a0 Volt+, el revolucionario lente de alto contraste y polarizado de Boll\u00e9.<\/p>\n<p><em><strong>VOLT+ GUN CAT 3 CAT 3<\/strong><\/em><\/p>\n<ul>\n<li>100% protecci\u00f3n UV.<\/li>\n<li>30% de mejora del color.<\/li>\n<li>Aumenta la percepci\u00f3n de profundidad.<\/li>\n<li>Mantiene el punto blanco.<\/li>\n<li>Polarizaci\u00f3n de alto rendimiento.<\/li>\n<\/ul>\n","protected":false},"excerpt":{"rendered":"<p>Como parte de la familia metal, FLOW es una cl\u00e1sica montura rectangular de aviador revisada con el vanguardista dise\u00f1o de Boll\u00e9. Un modelo con car\u00e1cter muy bien equilibrado. Caracterizado por sus patillas curvadas en S y un puente doble, este modelo se adapta perfectamente a un estilo de vida activo gracias a sus puntas de patilla Thermogrip y la almohadilla nasal de silicona que garantizan una excelente comodidad y estabilidad.\u00a0Disponible con\u00a0 Volt+, el revolucionario lente de alto contraste y polarizado de Boll\u00e9.<\/p>\n<p><em><strong>VOLT+ GUN CAT 3 CAT 3<\/strong><\/em><\/p>\n","protected":false},"featured_media":3148,"template":"","meta":{"_acf_changed":false},"product_brand":[],"product_cat":[160,158,162,20,36],"product_tag":[],"class_list":{"0":"post-3147","1":"product","2":"type-product","3":"status-publish","4":"has-post-thumbnail","6":"product_cat-black-friday","7":"product_cat-dsi02","8":"product_cat-lifestyle","9":"product_cat-gafas-bolle-en-colombia","10":"product_cat-volt","12":"first","13":"instock","14":"featured","15":"taxable","16":"shipping-taxable","17":"purchasable","18":"product-type-simple"},"acf":[],"_links":{"self":[{"href":"https:\/\/bolle.com.co\/index.php\/wp-json\/wp\/v2\/product\/3147","targetHints":{"allow":["GET"]}}],"collection":[{"href":"https:\/\/bolle.com.co\/index.php\/wp-json\/wp\/v2\/product"}],"about":[{"href":"https:\/\/bolle.com.co\/index.php\/wp-json\/wp\/v2\/types\/product"}],"wp:featuredmedia":[{"embeddable":true,"href":"https:\/\/bolle.com.co\/index.php\/wp-json\/wp\/v2\/media\/3148"}],"wp:attachment":[{"href":"https:\/\/bolle.com.co\/index.php\/wp-json\/wp\/v2\/media?parent=3147"}],"wp:term":[{"taxonomy":"product_brand","embeddable":true,"href":"https:\/\/bolle.com.co\/index.php\/wp-json\/wp\/v2\/product_brand?post=3147"},{"taxonomy":"product_cat","embeddable":true,"href":"https:\/\/bolle.com.co\/index.php\/wp-json\/wp\/v2\/product_cat?post=3147"},{"taxonomy":"product_tag","embeddable":true,"href":"https:\/\/bolle.com.co\/index.php\/wp-json\/wp\/v2\/product_tag?post=3147"}],"curies":[{"name":"wp","href":"https:\/\/api.w.org\/{rel}","templated":true}]}}