{"id":3164,"date":"2023-04-19T14:47:30","date_gmt":"2023-04-19T14:47:30","guid":{"rendered":"https:\/\/bolle.com.co\/?post_type=product&#038;p=3164"},"modified":"2026-02-26T16:32:45","modified_gmt":"2026-02-26T16:32:45","slug":"euphoria-black-frost-brown-pink-polarized","status":"publish","type":"product","link":"https:\/\/bolle.com.co\/index.php\/product\/euphoria-black-frost-brown-pink-polarized\/","title":{"rendered":"EUPHORIA BLACK FROST &#8211; BROWN PINK POLARIZED"},"content":{"rendered":"<p>Las EUPHORIA, el nuevo modelo de la colecci\u00f3n Sport Lifestyle, presentan una montura redonda de tipo piloto. Estas gafas inspiradas en el entorno monta\u00f1oso presentan un aspecto retro a la par que sofisticado con un dise\u00f1o oversize. Este modelo, elegante y sofisticado, tambi\u00e9n se mantiene fiel al ADN deportivo de Boll\u00e9 con bisagras autoblocantes y terminales de las varillas y plaqueta nasal en Thermogrip\u00ae. La barra superior de metal y las cubiertas laterales integradas con un dise\u00f1o perforado aportan un toque especial a la montura, que muestra la importancia otorgada a cada detalle. Las EUPHORIA, que tambi\u00e9n forman parte de nuestra campa\u00f1a React for Good, se han fabricado con un material 45\u00a0% de origen biol\u00f3gico. Las revolucionarias lentes polarizadas y de alto contraste de Boll\u00e9 est\u00e1n disponibles con Volt+.<\/p>\n<p><em><strong>BROWN PINK POLARIZED &#8211; CAT 3<\/strong><\/em><\/p>\n","protected":false},"excerpt":{"rendered":"<p>Una lente cl\u00e1sica de policarbonato para una excelente visibilidad y una protecci\u00f3n UV del 100%. Su base gris permite la percepci\u00f3n natural de los colores.<\/p>\n<p><em><strong>BROWN PINK POLARIZED &#8211; CAT 3<\/strong><\/em><\/p>\n<ul>\n<li>\u00a0100% protecci\u00f3n UV.<\/li>\n<li><i class=\"fas fa-check\"><\/i>\u00a0Ligera.<\/li>\n<li><i class=\"fas fa-check\"><\/i>\u00a0Polarizada.<\/li>\n<li><i class=\"fas fa-check\"><\/i>\u00a0Visibilidad.<\/li>\n<li><i class=\"fas fa-check\"><\/i>\u00a0Protecci\u00f3n.<\/li>\n<\/ul>\n","protected":false},"featured_media":3165,"template":"","meta":{"_acf_changed":false},"product_brand":[],"product_cat":[160,158,162,45,20],"product_tag":[135,125],"class_list":{"0":"post-3164","1":"product","2":"type-product","3":"status-publish","4":"has-post-thumbnail","6":"product_cat-black-friday","7":"product_cat-dsi02","8":"product_cat-lifestyle","9":"product_cat-policarbonato","10":"product_cat-gafas-bolle-en-colombia","11":"product_tag-polarizado","12":"product_tag-policarbonato","14":"first","15":"instock","16":"featured","17":"taxable","18":"shipping-taxable","19":"purchasable","20":"product-type-simple"},"acf":[],"_links":{"self":[{"href":"https:\/\/bolle.com.co\/index.php\/wp-json\/wp\/v2\/product\/3164","targetHints":{"allow":["GET"]}}],"collection":[{"href":"https:\/\/bolle.com.co\/index.php\/wp-json\/wp\/v2\/product"}],"about":[{"href":"https:\/\/bolle.com.co\/index.php\/wp-json\/wp\/v2\/types\/product"}],"wp:featuredmedia":[{"embeddable":true,"href":"https:\/\/bolle.com.co\/index.php\/wp-json\/wp\/v2\/media\/3165"}],"wp:attachment":[{"href":"https:\/\/bolle.com.co\/index.php\/wp-json\/wp\/v2\/media?parent=3164"}],"wp:term":[{"taxonomy":"product_brand","embeddable":true,"href":"https:\/\/bolle.com.co\/index.php\/wp-json\/wp\/v2\/product_brand?post=3164"},{"taxonomy":"product_cat","embeddable":true,"href":"https:\/\/bolle.com.co\/index.php\/wp-json\/wp\/v2\/product_cat?post=3164"},{"taxonomy":"product_tag","embeddable":true,"href":"https:\/\/bolle.com.co\/index.php\/wp-json\/wp\/v2\/product_tag?post=3164"}],"curies":[{"name":"wp","href":"https:\/\/api.w.org\/{rel}","templated":true}]}}