{"id":3174,"date":"2023-04-19T16:18:39","date_gmt":"2023-04-19T16:18:39","guid":{"rendered":"https:\/\/bolle.com.co\/?post_type=product&#038;p=3174"},"modified":"2026-02-26T16:32:30","modified_gmt":"2026-02-26T16:32:30","slug":"euphoria-dark-blue-matte-volt-cold-white-polarized","status":"publish","type":"product","link":"https:\/\/bolle.com.co\/index.php\/product\/euphoria-dark-blue-matte-volt-cold-white-polarized\/","title":{"rendered":"EUPHORIA DARK BLUE MATTE &#8211; VOLT + COLD WHITE POLARIZED"},"content":{"rendered":"<p>Las EUPHORIA, el nuevo modelo de la colecci\u00f3n Sport Lifestyle, presentan una montura redonda de tipo piloto. Estas gafas inspiradas en el entorno monta\u00f1oso presentan un aspecto retro a la par que sofisticado con un dise\u00f1o oversize. Este modelo, elegante y sofisticado, tambi\u00e9n se mantiene fiel al ADN deportivo de Boll\u00e9 con bisagras autoblocantes y terminales de las varillas y plaqueta nasal en Thermogrip\u00ae. La barra superior de metal y las cubiertas laterales integradas con un dise\u00f1o perforado aportan un toque especial a la montura, que muestra la importancia otorgada a cada detalle. Las EUPHORIA, que tambi\u00e9n forman parte de nuestra campa\u00f1a React for Good, se han fabricado con un material 45\u00a0% de origen biol\u00f3gico. Las revolucionarias lentes polarizadas y de alto contraste de Boll\u00e9 est\u00e1n disponibles con Volt+.<\/p>\n<p><em><strong>VOLT+ COLD WHITE POLARIZED &#8211; CAT 3<\/strong><\/em><\/p>\n","protected":false},"excerpt":{"rendered":"<p>Volt+ es el lente polarizado que ha revolucionado la marca Boll\u00e9. Es de alto contraste y mejora la percepci\u00f3n del color hasta en un 30% mientras mantiene el punto blanco natural.<\/p>\n<p><em><strong>VOLT+ COLD WHITE POLARIZED &#8211; CAT 3<\/strong><\/em><\/p>\n<ul>\n<li>100% protecci\u00f3n UV.<\/li>\n<li><i class=\"fas fa-check\"><\/i>30% de realce del color.<\/li>\n<li><i class=\"fas fa-check\"><\/i>Mejora percepci\u00f3n de prof.<\/li>\n<li><i class=\"fas fa-check\"><\/i>Mantiene balance de blancos.<\/li>\n<li><i class=\"fas fa-check\"><\/i>Polarizaci\u00f3n alta.<\/li>\n<\/ul>\n","protected":false},"featured_media":3175,"template":"","meta":{"_acf_changed":false},"product_brand":[],"product_cat":[158,162,45,20],"product_tag":[135,125],"class_list":{"0":"post-3174","1":"product","2":"type-product","3":"status-publish","4":"has-post-thumbnail","6":"product_cat-dsi02","7":"product_cat-lifestyle","8":"product_cat-policarbonato","9":"product_cat-gafas-bolle-en-colombia","10":"product_tag-polarizado","11":"product_tag-policarbonato","13":"first","14":"instock","15":"featured","16":"taxable","17":"shipping-taxable","18":"purchasable","19":"product-type-simple"},"acf":[],"_links":{"self":[{"href":"https:\/\/bolle.com.co\/index.php\/wp-json\/wp\/v2\/product\/3174","targetHints":{"allow":["GET"]}}],"collection":[{"href":"https:\/\/bolle.com.co\/index.php\/wp-json\/wp\/v2\/product"}],"about":[{"href":"https:\/\/bolle.com.co\/index.php\/wp-json\/wp\/v2\/types\/product"}],"wp:featuredmedia":[{"embeddable":true,"href":"https:\/\/bolle.com.co\/index.php\/wp-json\/wp\/v2\/media\/3175"}],"wp:attachment":[{"href":"https:\/\/bolle.com.co\/index.php\/wp-json\/wp\/v2\/media?parent=3174"}],"wp:term":[{"taxonomy":"product_brand","embeddable":true,"href":"https:\/\/bolle.com.co\/index.php\/wp-json\/wp\/v2\/product_brand?post=3174"},{"taxonomy":"product_cat","embeddable":true,"href":"https:\/\/bolle.com.co\/index.php\/wp-json\/wp\/v2\/product_cat?post=3174"},{"taxonomy":"product_tag","embeddable":true,"href":"https:\/\/bolle.com.co\/index.php\/wp-json\/wp\/v2\/product_tag?post=3174"}],"curies":[{"name":"wp","href":"https:\/\/api.w.org\/{rel}","templated":true}]}}