{"id":3187,"date":"2023-04-20T14:28:29","date_gmt":"2023-04-20T14:28:29","guid":{"rendered":"https:\/\/bolle.com.co\/?post_type=product&#038;p=3187"},"modified":"2026-02-26T16:32:24","modified_gmt":"2026-02-26T16:32:24","slug":"arcadia-white-blue-red-matte-tns-gun","status":"publish","type":"product","link":"https:\/\/bolle.com.co\/index.php\/product\/arcadia-white-blue-red-matte-tns-gun\/","title":{"rendered":"ARCADIA WHITE BLUE RED MATTE &#8211; TNS GUN"},"content":{"rendered":"<p>Las ARCADIA, la \u00faltima incorporaci\u00f3n de la colecci\u00f3n Sport Lifestyle de Boll\u00e9, presentan una montura cuadrada de tipo aviador inspirada en la monta\u00f1a. Con un aspecto retro y oversize, el modelo ARCADIA ofrece un dise\u00f1o sofisticado y elegante con buena cobertura para lucir un estilo atrevido y seguro. Este modelo, fiel al ADN deportivo de la marca, tambi\u00e9n viene equipado con bisagras autoblocantes y terminales de las varillas y plaqueta nasal en Thermogrip\u00ae. La barra superior de metal y las cubiertas laterales integradas con un dise\u00f1o perforado aportan un toque especial a la montura, que muestra la importancia otorgada a cada detalle. Las ARCADIA, que tambi\u00e9n forman parte de nuestra campa\u00f1a React for Good, se han fabricado con un material 45\u00a0% de origen biol\u00f3gico. Las revolucionarias lentes polarizadas y de alto contraste de Boll\u00e9 est\u00e1n disponibles con Volt+.<\/p>\n<p><strong><em>TNS GUN &#8211; CAT 3<\/em><\/strong><\/p>\n","protected":false},"excerpt":{"rendered":"<p>Una lente cl\u00e1sica de policarbonato para una excelente visibilidad y una protecci\u00f3n UV del 100%. Su base gris permite la percepci\u00f3n natural de los colores.<\/p>\n<p><strong><em>TNS GUN &#8211; CAT 3<\/em><\/strong><\/p>\n<ul class=\"list-unstyled mt-3\">\n<li>\u00a0100% protecci\u00f3n UV.<\/li>\n<li><i class=\"fas fa-check\"><\/i>\u00a0Ligera.<\/li>\n<li><i class=\"fas fa-check\"><\/i>\u00a0Visibilidad.<\/li>\n<li><i class=\"fas fa-check\"><\/i>\u00a0Protecci\u00f3n.<\/li>\n<\/ul>\n","protected":false},"featured_media":3188,"template":"","meta":{"_acf_changed":false},"product_brand":[],"product_cat":[158,162,45,20],"product_tag":[135,125],"class_list":{"0":"post-3187","1":"product","2":"type-product","3":"status-publish","4":"has-post-thumbnail","6":"product_cat-dsi02","7":"product_cat-lifestyle","8":"product_cat-policarbonato","9":"product_cat-gafas-bolle-en-colombia","10":"product_tag-polarizado","11":"product_tag-policarbonato","13":"first","14":"instock","15":"featured","16":"taxable","17":"shipping-taxable","18":"purchasable","19":"product-type-simple"},"acf":[],"_links":{"self":[{"href":"https:\/\/bolle.com.co\/index.php\/wp-json\/wp\/v2\/product\/3187","targetHints":{"allow":["GET"]}}],"collection":[{"href":"https:\/\/bolle.com.co\/index.php\/wp-json\/wp\/v2\/product"}],"about":[{"href":"https:\/\/bolle.com.co\/index.php\/wp-json\/wp\/v2\/types\/product"}],"wp:featuredmedia":[{"embeddable":true,"href":"https:\/\/bolle.com.co\/index.php\/wp-json\/wp\/v2\/media\/3188"}],"wp:attachment":[{"href":"https:\/\/bolle.com.co\/index.php\/wp-json\/wp\/v2\/media?parent=3187"}],"wp:term":[{"taxonomy":"product_brand","embeddable":true,"href":"https:\/\/bolle.com.co\/index.php\/wp-json\/wp\/v2\/product_brand?post=3187"},{"taxonomy":"product_cat","embeddable":true,"href":"https:\/\/bolle.com.co\/index.php\/wp-json\/wp\/v2\/product_cat?post=3187"},{"taxonomy":"product_tag","embeddable":true,"href":"https:\/\/bolle.com.co\/index.php\/wp-json\/wp\/v2\/product_tag?post=3187"}],"curies":[{"name":"wp","href":"https:\/\/api.w.org\/{rel}","templated":true}]}}