{"id":3192,"date":"2023-04-20T14:35:15","date_gmt":"2023-04-20T14:35:15","guid":{"rendered":"https:\/\/bolle.com.co\/?post_type=product&#038;p=3192"},"modified":"2026-02-26T16:32:17","modified_gmt":"2026-02-26T16:32:17","slug":"arcadia-black-frost-sky-blue-polarized","status":"publish","type":"product","link":"https:\/\/bolle.com.co\/index.php\/product\/arcadia-black-frost-sky-blue-polarized\/","title":{"rendered":"ARCADIA BLACK FROST &#8211; SKY BLUE POLARIZED"},"content":{"rendered":"<p>Las ARCADIA, la \u00faltima incorporaci\u00f3n de la colecci\u00f3n Sport Lifestyle de Boll\u00e9, presentan una montura cuadrada de tipo aviador inspirada en la monta\u00f1a. Con un aspecto retro y oversize, el modelo ARCADIA ofrece un dise\u00f1o sofisticado y elegante con buena cobertura para lucir un estilo atrevido y seguro. Este modelo, fiel al ADN deportivo de la marca, tambi\u00e9n viene equipado con bisagras autoblocantes y terminales de las varillas y plaqueta nasal en Thermogrip\u00ae. La barra superior de metal y las cubiertas laterales integradas con un dise\u00f1o perforado aportan un toque especial a la montura, que muestra la importancia otorgada a cada detalle. Las ARCADIA, que tambi\u00e9n forman parte de nuestra campa\u00f1a React for Good, se han fabricado con un material 45\u00a0% de origen biol\u00f3gico. Las revolucionarias lentes polarizadas y de alto contraste de Boll\u00e9 est\u00e1n disponibles con Volt+.<\/p>\n<p><strong><em>VOLT+ OFFSHORE POLARIZED &#8211; CAT 3<\/em><\/strong><\/p>\n","protected":false},"excerpt":{"rendered":"<p>Volt+ es el lente revolucionario de alto contraste de Boll\u00e9, el cual mejora la percepci\u00f3n del color hasta en un 30% mientras mantiene el punto blanco natural.<\/p>\n<p><strong><em>VOLT+ OFFSHORE POLARIZED &#8211; CAT 3<\/em><\/strong><\/p>\n<ul class=\"list-unstyled mt-3\">\n<li>\u00a0100% protecci\u00f3n UV.<\/li>\n<li><i class=\"fas fa-check\"><\/i>\u00a030% de realce del color.<\/li>\n<li><i class=\"fas fa-check\"><\/i>\u00a0Mejora percepci\u00f3n de prof.<\/li>\n<li><i class=\"fas fa-check\"><\/i>\u00a0Mantiene balance de blancos.<\/li>\n<li><i class=\"fas fa-check\"><\/i>\u00a0Polarizaci\u00f3n alta.<\/li>\n<\/ul>\n","protected":false},"featured_media":3203,"template":"","meta":{"_acf_changed":false},"product_brand":[],"product_cat":[160,158,162,45,20],"product_tag":[135,125],"class_list":{"0":"post-3192","1":"product","2":"type-product","3":"status-publish","4":"has-post-thumbnail","6":"product_cat-black-friday","7":"product_cat-dsi02","8":"product_cat-lifestyle","9":"product_cat-policarbonato","10":"product_cat-gafas-bolle-en-colombia","11":"product_tag-polarizado","12":"product_tag-policarbonato","14":"first","15":"instock","16":"featured","17":"taxable","18":"shipping-taxable","19":"purchasable","20":"product-type-simple"},"acf":[],"_links":{"self":[{"href":"https:\/\/bolle.com.co\/index.php\/wp-json\/wp\/v2\/product\/3192","targetHints":{"allow":["GET"]}}],"collection":[{"href":"https:\/\/bolle.com.co\/index.php\/wp-json\/wp\/v2\/product"}],"about":[{"href":"https:\/\/bolle.com.co\/index.php\/wp-json\/wp\/v2\/types\/product"}],"wp:featuredmedia":[{"embeddable":true,"href":"https:\/\/bolle.com.co\/index.php\/wp-json\/wp\/v2\/media\/3203"}],"wp:attachment":[{"href":"https:\/\/bolle.com.co\/index.php\/wp-json\/wp\/v2\/media?parent=3192"}],"wp:term":[{"taxonomy":"product_brand","embeddable":true,"href":"https:\/\/bolle.com.co\/index.php\/wp-json\/wp\/v2\/product_brand?post=3192"},{"taxonomy":"product_cat","embeddable":true,"href":"https:\/\/bolle.com.co\/index.php\/wp-json\/wp\/v2\/product_cat?post=3192"},{"taxonomy":"product_tag","embeddable":true,"href":"https:\/\/bolle.com.co\/index.php\/wp-json\/wp\/v2\/product_tag?post=3192"}],"curies":[{"name":"wp","href":"https:\/\/api.w.org\/{rel}","templated":true}]}}