{"id":3225,"date":"2023-04-21T22:47:51","date_gmt":"2023-04-21T22:47:51","guid":{"rendered":"https:\/\/bolle.com.co\/?post_type=product&#038;p=3225"},"modified":"2026-02-26T16:31:37","modified_gmt":"2026-02-26T16:31:37","slug":"bolt-2-0-creator-teal-metallic-volt-ruby-polarized","status":"publish","type":"product","link":"https:\/\/bolle.com.co\/index.php\/product\/bolt-2-0-creator-teal-metallic-volt-ruby-polarized\/","title":{"rendered":"BOLT 2.0 CREATOR TEAL METALLIC &#8211; VOLT + RUBY POLARIZED"},"content":{"rendered":"<p>Nuestro cl\u00e1sico favorito de deporte de peque\u00f1o tama\u00f1o, actualizado. Con el fin de que el resultado sea mucho m\u00e1s perfecto para rostros peque\u00f1os, BOLT S se ha actualizado con un nuevo dise\u00f1o que mantiene el mismo resultado por el que se le conoce: montura de nailon TR90 de la mayor calidad para la ligereza y flexibilidad, caucho Thermogrip\u00ae para la estabilidad y almohadilla nasal ajustable para un encaje perfecto.<\/p>\n<p><em><strong>VOLT+ RUBY POLARIZED CAT 3<\/strong><\/em><\/p>\n","protected":false},"excerpt":{"rendered":"<p><em><strong>PHANTOM BROWN GUN &#8211; CAT 2 to 3<\/strong><\/em><\/p>\n<ul class=\"list-unstyled mt-3\">\n<li>100% protecci\u00f3n UV.<\/li>\n<li><i class=\"fas fa-check\"><\/i>\u00a030% de realce del color.<\/li>\n<li><i class=\"fas fa-check\"><\/i>\u00a0Mejora percepci\u00f3n de prof.<\/li>\n<li><i class=\"fas fa-check\"><\/i>\u00a0Mantiene balance de blancos.<\/li>\n<li><i class=\"fas fa-check\"><\/i>\u00a0Polarizaci\u00f3n alta.<\/li>\n<\/ul>\n","protected":false},"featured_media":3226,"template":"","meta":{"_acf_changed":false},"product_brand":[],"product_cat":[160,158,129,37,20],"product_tag":[130,49,48],"class_list":{"0":"post-3225","1":"product","2":"type-product","3":"status-publish","4":"has-post-thumbnail","6":"product_cat-black-friday","7":"product_cat-dsi02","8":"product_cat-fotocromatico-gafas-bolle-en-colombia","9":"product_cat-phanton","10":"product_cat-gafas-bolle-en-colombia","11":"product_tag-fotocromatico","12":"product_tag-gafas","13":"product_tag-phantom","15":"first","16":"instock","17":"taxable","18":"shipping-taxable","19":"purchasable","20":"product-type-simple"},"acf":[],"_links":{"self":[{"href":"https:\/\/bolle.com.co\/index.php\/wp-json\/wp\/v2\/product\/3225","targetHints":{"allow":["GET"]}}],"collection":[{"href":"https:\/\/bolle.com.co\/index.php\/wp-json\/wp\/v2\/product"}],"about":[{"href":"https:\/\/bolle.com.co\/index.php\/wp-json\/wp\/v2\/types\/product"}],"wp:featuredmedia":[{"embeddable":true,"href":"https:\/\/bolle.com.co\/index.php\/wp-json\/wp\/v2\/media\/3226"}],"wp:attachment":[{"href":"https:\/\/bolle.com.co\/index.php\/wp-json\/wp\/v2\/media?parent=3225"}],"wp:term":[{"taxonomy":"product_brand","embeddable":true,"href":"https:\/\/bolle.com.co\/index.php\/wp-json\/wp\/v2\/product_brand?post=3225"},{"taxonomy":"product_cat","embeddable":true,"href":"https:\/\/bolle.com.co\/index.php\/wp-json\/wp\/v2\/product_cat?post=3225"},{"taxonomy":"product_tag","embeddable":true,"href":"https:\/\/bolle.com.co\/index.php\/wp-json\/wp\/v2\/product_tag?post=3225"}],"curies":[{"name":"wp","href":"https:\/\/api.w.org\/{rel}","templated":true}]}}