{"id":351,"date":"2021-03-16T18:50:26","date_gmt":"2021-03-16T18:50:26","guid":{"rendered":"https:\/\/bolle.com.co\/?post_type=product&#038;p=351"},"modified":"2026-02-26T16:39:46","modified_gmt":"2026-02-26T16:39:46","slug":"cronoshield-dmo-col","status":"publish","type":"product","link":"https:\/\/bolle.com.co\/index.php\/product\/cronoshield-dmo-col\/","title":{"rendered":"CHRONOSHIELD BLACK MATTE &#8211; PHANTOM BROWN RED PHOTOCHROMIC"},"content":{"rendered":"<p>En 1986, CHRONOSHIELD se adelant\u00f3 a su \u00e9poca. Hoy, no es diferente. Aunque rinde homenaje al extraordinario dise\u00f1o original, el perfil refinado de CHRONOSHIELD y el uso de tecnolog\u00edas modernas garantizan que siga estando a la vanguardia y sea un referente en cuanto a estilo, ajuste, comodidad o rendimiento. Disponible con Phantom, la lente fotocrom\u00e1tica de mayor rendimiento del mercado.<\/p>\n","protected":false},"excerpt":{"rendered":"<p>En 1986, CHRONOSHIELD se adelant\u00f3 a su \u00e9poca. Hoy, no es diferente. Aunque rinde homenaje al extraordinario dise\u00f1o original, el perfil refinado de CHRONOSHIELD y el uso de tecnolog\u00edas modernas garantizan que siga estando a la vanguardia y sea un referente en cuanto a estilo, ajuste, comodidad o rendimiento. Disponible con Phantom, la lente fotocrom\u00e1tica de mayor rendimiento del mercado.<\/p>\n<div id=\"collapsibleDescription\" class=\"row justify-content-start mb-5 collapse show\">\n<div class=\"col-sm-12 col-lg-8 long-description_content\">\n<ul>\n<li>Peso : 41g<\/li>\n<li>Plaquetas Para La Nariz Ajustables<\/li>\n<li>Tratamiento Antiempa\u00f1amiento P80+<\/li>\n<li>Terminales Plasticas Ajustables<\/li>\n<li>Tratamiento Anti-Rayadura<\/li>\n<li>Tratamiento Oleof\u00f3bico<\/li>\n<li>Thermogrip\u00ae<\/li>\n<li>Lentes Fotocrom\u00e1tica Nxt\u00ae<\/li>\n<\/ul>\n<\/div>\n<\/div>\n","protected":false},"featured_media":346,"template":"","meta":{"_acf_changed":false},"product_brand":[],"product_cat":[160,158,129,37,20],"product_tag":[],"class_list":{"0":"post-351","1":"product","2":"type-product","3":"status-publish","4":"has-post-thumbnail","6":"product_cat-black-friday","7":"product_cat-dsi02","8":"product_cat-fotocromatico-gafas-bolle-en-colombia","9":"product_cat-phanton","10":"product_cat-gafas-bolle-en-colombia","12":"first","13":"instock","14":"taxable","15":"shipping-taxable","16":"purchasable","17":"product-type-simple"},"acf":[],"_links":{"self":[{"href":"https:\/\/bolle.com.co\/index.php\/wp-json\/wp\/v2\/product\/351","targetHints":{"allow":["GET"]}}],"collection":[{"href":"https:\/\/bolle.com.co\/index.php\/wp-json\/wp\/v2\/product"}],"about":[{"href":"https:\/\/bolle.com.co\/index.php\/wp-json\/wp\/v2\/types\/product"}],"wp:featuredmedia":[{"embeddable":true,"href":"https:\/\/bolle.com.co\/index.php\/wp-json\/wp\/v2\/media\/346"}],"wp:attachment":[{"href":"https:\/\/bolle.com.co\/index.php\/wp-json\/wp\/v2\/media?parent=351"}],"wp:term":[{"taxonomy":"product_brand","embeddable":true,"href":"https:\/\/bolle.com.co\/index.php\/wp-json\/wp\/v2\/product_brand?post=351"},{"taxonomy":"product_cat","embeddable":true,"href":"https:\/\/bolle.com.co\/index.php\/wp-json\/wp\/v2\/product_cat?post=351"},{"taxonomy":"product_tag","embeddable":true,"href":"https:\/\/bolle.com.co\/index.php\/wp-json\/wp\/v2\/product_tag?post=351"}],"curies":[{"name":"wp","href":"https:\/\/api.w.org\/{rel}","templated":true}]}}