{"id":3513,"date":"2023-10-19T21:31:54","date_gmt":"2023-10-19T21:31:54","guid":{"rendered":"https:\/\/bolle.com.co\/?post_type=product&#038;p=3513"},"modified":"2026-02-26T16:07:49","modified_gmt":"2026-02-26T16:07:49","slug":"micro-edge-black-matte-tns-gun","status":"publish","type":"product","link":"https:\/\/bolle.com.co\/index.php\/product\/micro-edge-black-matte-tns-gun\/","title":{"rendered":"MICRO EDGE BLACK MATTE &#8211; TNS GUN"},"content":{"rendered":"<p>Las gafas MICRO EDGE forman parte de la historia de Boll\u00e9 y mejores deportistas del mundo han optado por ellas. Son el s\u00edmbolo del dise\u00f1o avanzado y la creatividad de la marca. Con su escudo estrecho y sus l\u00edneas afiladas, esta versi\u00f3n modernizada es de las que no se olvidan. La montura semi al aire se centra al 100\u00a0% en el rendimiento con un campo de visi\u00f3n horizontal y perif\u00e9rico excepcional. Son ultrac\u00f3modas y cuentan con un puente y extremos de patillas ajustables que garantizan un ajuste perfecto. Las gafas MICRO EDGE, ligeras y flexibles, tambi\u00e9n son respetuosas con el medioambiente, dado que la montura, las patillas y el puente son de origen 100\u00a0% biol\u00f3gico (est\u00e1n fabricados a base de aceite de ricino). Est\u00e1n disponibles con Phantom, nuestras mejores lentes fotocrom\u00e1ticas que ofrecen una visi\u00f3n perfecta, y con Volt+, nuestras revolucionarias lentes de alto contraste y polarizadas.<\/p>\n<ul class=\"list-unstyled mt-3\">\n<li>\u00a0100% protecci\u00f3n UV.<\/li>\n<li><i class=\"fas fa-check\"><\/i>\u00a0Ligera.<\/li>\n<li><i class=\"fas fa-check\"><\/i>\u00a0Visibilidad.<\/li>\n<li><i class=\"fas fa-check\"><\/i>\u00a0Protecci\u00f3n.<\/li>\n<\/ul>\n<p>&nbsp;<\/p>\n","protected":false},"excerpt":{"rendered":"<p>Una lente cl\u00e1sica de policarbonato para una excelente visibilidad y una protecci\u00f3n UV del 100%. Su base gris permite la percepci\u00f3n natural de los colores.<\/p>\n<p><strong><em>TNS GUN- CAT 3<\/em><\/strong><\/p>\n","protected":false},"featured_media":3514,"template":"","meta":{"_acf_changed":false},"product_brand":[],"product_cat":[160,158,45,20],"product_tag":[],"class_list":{"0":"post-3513","1":"product","2":"type-product","3":"status-publish","4":"has-post-thumbnail","6":"product_cat-black-friday","7":"product_cat-dsi02","8":"product_cat-policarbonato","9":"product_cat-gafas-bolle-en-colombia","10":"pa_color-shifter-crystal-navy-matte","12":"first","13":"outofstock","14":"featured","15":"taxable","16":"shipping-taxable","17":"purchasable","18":"product-type-simple"},"acf":[],"_links":{"self":[{"href":"https:\/\/bolle.com.co\/index.php\/wp-json\/wp\/v2\/product\/3513","targetHints":{"allow":["GET"]}}],"collection":[{"href":"https:\/\/bolle.com.co\/index.php\/wp-json\/wp\/v2\/product"}],"about":[{"href":"https:\/\/bolle.com.co\/index.php\/wp-json\/wp\/v2\/types\/product"}],"wp:featuredmedia":[{"embeddable":true,"href":"https:\/\/bolle.com.co\/index.php\/wp-json\/wp\/v2\/media\/3514"}],"wp:attachment":[{"href":"https:\/\/bolle.com.co\/index.php\/wp-json\/wp\/v2\/media?parent=3513"}],"wp:term":[{"taxonomy":"product_brand","embeddable":true,"href":"https:\/\/bolle.com.co\/index.php\/wp-json\/wp\/v2\/product_brand?post=3513"},{"taxonomy":"product_cat","embeddable":true,"href":"https:\/\/bolle.com.co\/index.php\/wp-json\/wp\/v2\/product_cat?post=3513"},{"taxonomy":"product_tag","embeddable":true,"href":"https:\/\/bolle.com.co\/index.php\/wp-json\/wp\/v2\/product_tag?post=3513"}],"curies":[{"name":"wp","href":"https:\/\/api.w.org\/{rel}","templated":true}]}}