{"id":3529,"date":"2023-10-19T21:59:22","date_gmt":"2023-10-19T21:59:22","guid":{"rendered":"https:\/\/bolle.com.co\/?post_type=product&#038;p=3529"},"modified":"2026-02-26T16:06:16","modified_gmt":"2026-02-26T16:06:16","slug":"micro-edge-black-frost-volt-phantom-clear-green-photchromic","status":"publish","type":"product","link":"https:\/\/bolle.com.co\/index.php\/product\/micro-edge-black-frost-volt-phantom-clear-green-photchromic\/","title":{"rendered":"MICRO EDGE BLACK FROST- VOLT +  PHANTOM CLEAR GREEN PHOTCHROMIC"},"content":{"rendered":"<p>Las gafas MICRO EDGE forman parte de la historia de Boll\u00e9 y mejores deportistas del mundo han optado por ellas. Son el s\u00edmbolo del dise\u00f1o avanzado y la creatividad de la marca. Con su escudo estrecho y sus l\u00edneas afiladas, esta versi\u00f3n modernizada es de las que no se olvidan. La montura semi al aire se centra al 100\u00a0% en el rendimiento con un campo de visi\u00f3n horizontal y perif\u00e9rico excepcional. Son ultrac\u00f3modas y cuentan con un puente y extremos de patillas ajustables que garantizan un ajuste perfecto. Las gafas MICRO EDGE, ligeras y flexibles, tambi\u00e9n son respetuosas con el medioambiente, dado que la montura, las patillas y el puente son de origen 100\u00a0% biol\u00f3gico (est\u00e1n fabricados a base de aceite de ricino). Est\u00e1n disponibles con Phantom, nuestras mejores lentes fotocrom\u00e1ticas que ofrecen una visi\u00f3n perfecta, y con Volt+, nuestras revolucionarias lentes de alto contraste y polarizadas.<\/p>\n<ul class=\"list-unstyled mt-3\">\n<li>\u00a0100% protecci\u00f3n UV.<\/li>\n<li><i class=\"fas fa-check\"><\/i>\u00a0Lente fotocrom\u00e1tica.<\/li>\n<li><i class=\"fas fa-check\"><\/i>\u00a0Claridad \u00f3ptica.<\/li>\n<li><i class=\"fas fa-check\"><\/i>\u00a0Antiempa\u00f1o Platinum.<\/li>\n<li><i class=\"fas fa-check\"><\/i>\u00a0Resistencia a impactos.<\/li>\n<\/ul>\n<p>&nbsp;<\/p>\n","protected":false},"excerpt":{"rendered":"<p>Lente fotocrom\u00e1tica Phantom para ciclismo de carretera. Protege al 100% de los rayos UV. La mejor claridad \u00f3ptica del mercado paraun confort sin igual.<\/p>\n<p><strong><em>PHANTOM CLEAR GREEN PHOTOCHROMIC &#8211; CAT 1 to 3<\/em><\/strong><\/p>\n","protected":false},"featured_media":3530,"template":"","meta":{"_acf_changed":false},"product_brand":[],"product_cat":[160,158,45,20],"product_tag":[],"class_list":{"0":"post-3529","1":"product","2":"type-product","3":"status-publish","4":"has-post-thumbnail","6":"product_cat-black-friday","7":"product_cat-dsi02","8":"product_cat-policarbonato","9":"product_cat-gafas-bolle-en-colombia","10":"pa_color-shifter-crystal-navy-matte","12":"first","13":"instock","14":"featured","15":"taxable","16":"shipping-taxable","17":"purchasable","18":"product-type-simple"},"acf":[],"_links":{"self":[{"href":"https:\/\/bolle.com.co\/index.php\/wp-json\/wp\/v2\/product\/3529","targetHints":{"allow":["GET"]}}],"collection":[{"href":"https:\/\/bolle.com.co\/index.php\/wp-json\/wp\/v2\/product"}],"about":[{"href":"https:\/\/bolle.com.co\/index.php\/wp-json\/wp\/v2\/types\/product"}],"wp:featuredmedia":[{"embeddable":true,"href":"https:\/\/bolle.com.co\/index.php\/wp-json\/wp\/v2\/media\/3530"}],"wp:attachment":[{"href":"https:\/\/bolle.com.co\/index.php\/wp-json\/wp\/v2\/media?parent=3529"}],"wp:term":[{"taxonomy":"product_brand","embeddable":true,"href":"https:\/\/bolle.com.co\/index.php\/wp-json\/wp\/v2\/product_brand?post=3529"},{"taxonomy":"product_cat","embeddable":true,"href":"https:\/\/bolle.com.co\/index.php\/wp-json\/wp\/v2\/product_cat?post=3529"},{"taxonomy":"product_tag","embeddable":true,"href":"https:\/\/bolle.com.co\/index.php\/wp-json\/wp\/v2\/product_tag?post=3529"}],"curies":[{"name":"wp","href":"https:\/\/api.w.org\/{rel}","templated":true}]}}