{"id":3614,"date":"2024-04-27T14:06:30","date_gmt":"2024-04-27T14:06:30","guid":{"rendered":"https:\/\/bolle.com.co\/?post_type=product&#038;p=3614"},"modified":"2026-02-26T16:05:46","modified_gmt":"2026-02-26T16:05:46","slug":"shifter-black-matte-phantom-clear-green-photochromic-2","status":"publish","type":"product","link":"https:\/\/bolle.com.co\/index.php\/product\/shifter-black-matte-phantom-clear-green-photochromic-2\/","title":{"rendered":"SHIFTER BLACK MATTE &#8211; PHANTOM CLEAR GREEN PHOTOCHROMIC"},"content":{"rendered":"<p>Inspirado en el famoso modelo Boll\u00e9 CHRONOSHIELD,\u00a0 SHIFTER est\u00e1 repleto de caracter\u00edsticas simples pero innovadoras para disfrutar del viaje. Las patillas curvas, los lentes ventilados, han hecho de SHIFTER la elecci\u00f3n natural de nuestros ciclistas de carreras profesionales.<\/p>\n<ul>\n<li>\u00a0100% protecci\u00f3n UV.<\/li>\n<li><i class=\"fas fa-check\"><\/i>\u00a0Lente fotocrom\u00e1tica.<\/li>\n<li><i class=\"fas fa-check\"><\/i>\u00a0Claridad \u00f3ptica.<\/li>\n<li><i class=\"fas fa-check\"><\/i>\u00a0Antiempa\u00f1o Platinum.<\/li>\n<li><i class=\"fas fa-check\"><\/i>\u00a0Polarizaci\u00f3n alta.<\/li>\n<li>\u00a0Resistencia a impactos.<\/li>\n<\/ul>\n<p><strong>PHANTOM CLEAR GREEN PHOTOCHROMIC &#8211; CAT 1 TO 3<\/strong><\/p>\n","protected":false},"excerpt":{"rendered":"<p>Phantom+, la primera lente fotocrom\u00e1tica de Boll\u00e9 con una claridad \u00f3ptica fenomenal. Se adapta a cualquier condici\u00f3n de luminosidad, garantizando una agudeza visual precisa ante cualquier clima.<\/p>\n<p><strong>PHANTOM CLEAR GREEN PHOTOCHROMIC &#8211; CAT 1 TO 3<\/strong><\/p>\n","protected":false},"featured_media":3616,"template":"","meta":{"_acf_changed":false},"product_brand":[],"product_cat":[160,158,45,20,36],"product_tag":[],"class_list":{"0":"post-3614","1":"product","2":"type-product","3":"status-publish","4":"has-post-thumbnail","6":"product_cat-black-friday","7":"product_cat-dsi02","8":"product_cat-policarbonato","9":"product_cat-gafas-bolle-en-colombia","10":"product_cat-volt","11":"pa_color-shifter-crystal-navy-matte","13":"first","14":"instock","15":"taxable","16":"shipping-taxable","17":"purchasable","18":"product-type-simple"},"acf":[],"_links":{"self":[{"href":"https:\/\/bolle.com.co\/index.php\/wp-json\/wp\/v2\/product\/3614","targetHints":{"allow":["GET"]}}],"collection":[{"href":"https:\/\/bolle.com.co\/index.php\/wp-json\/wp\/v2\/product"}],"about":[{"href":"https:\/\/bolle.com.co\/index.php\/wp-json\/wp\/v2\/types\/product"}],"wp:featuredmedia":[{"embeddable":true,"href":"https:\/\/bolle.com.co\/index.php\/wp-json\/wp\/v2\/media\/3616"}],"wp:attachment":[{"href":"https:\/\/bolle.com.co\/index.php\/wp-json\/wp\/v2\/media?parent=3614"}],"wp:term":[{"taxonomy":"product_brand","embeddable":true,"href":"https:\/\/bolle.com.co\/index.php\/wp-json\/wp\/v2\/product_brand?post=3614"},{"taxonomy":"product_cat","embeddable":true,"href":"https:\/\/bolle.com.co\/index.php\/wp-json\/wp\/v2\/product_cat?post=3614"},{"taxonomy":"product_tag","embeddable":true,"href":"https:\/\/bolle.com.co\/index.php\/wp-json\/wp\/v2\/product_tag?post=3614"}],"curies":[{"name":"wp","href":"https:\/\/api.w.org\/{rel}","templated":true}]}}