{"id":403,"date":"2021-03-19T14:04:34","date_gmt":"2021-03-19T14:04:34","guid":{"rendered":"https:\/\/bolle.com.co\/?post_type=product&#038;p=403"},"modified":"2026-02-26T16:39:37","modified_gmt":"2026-02-26T16:39:37","slug":"shifter-titanium-matte-volt-ultraviolet-polarized","status":"publish","type":"product","link":"https:\/\/bolle.com.co\/index.php\/product\/shifter-titanium-matte-volt-ultraviolet-polarized\/","title":{"rendered":"SHIFTER TITANIUM MATTE &#8211; VOLT + ULTRAVIOLET POLARIZED"},"content":{"rendered":"<p>Inspirado en el famoso modelo Boll\u00e9 CHRONOSHIELD, la SHIFTER est\u00e1 repleto de caracter\u00edsticas simples pero innovadoras para disfrutar del viaje. Las patillas curvas, las lentes ventiladas y las lentes VOLT + la lente desarrolada por IA despues de calcular 20 millones de combinaciones posibles, han convertido a SHIFTER en la elecci\u00f3n natural de nuestros ciclistas en las carreras profesionales.<\/p>\n<ul>\n<li>Peso : 30g<\/li>\n<li>Plaquetas para la Nariz Ajustables<\/li>\n<li>Tratamiento Anti-Rayanoes<\/li>\n<li>Tratamiento Oleof\u00f3bico<\/li>\n<li>Thermogrip\u00ae<\/li>\n<li>Lentes VOLT +<\/li>\n<li>Lente Resistente a Impactos NXT\u00ae<\/li>\n<\/ul>\n<p><strong>VOLT+ ULTRAVIOLET &#8211; CAT 3<\/strong><\/p>\n","protected":false},"excerpt":{"rendered":"<p>Inspirado en el famoso modelo Boll\u00e9 CHRONOSHIELD, la SHIFTER est\u00e1 repleto de caracter\u00edsticas simples pero innovadoras para disfrutar del viaje. Las patillas curvas, las lentes ventiladas y las lentes VOLT + la lente desarrolada por IA despues de calcular 20 millones de combinaciones posibles, han convertido a SHIFTER en la elecci\u00f3n natural de nuestros ciclistas en las carreras profesionales.<\/p>\n<div><strong>VOLT+ ULTRAVIOLET &#8211; CAT 3<\/strong><\/div>\n<div><\/div>\n<ul>\n<li>Peso : 30g<\/li>\n<li>Plaquetas para la Nariz Ajustables<\/li>\n<li>Tratamiento Anti-Rayanoes<\/li>\n<li>Tratamiento Oleof\u00f3bico<\/li>\n<li>Thermogrip\u00ae<\/li>\n<li>Lentes VOLT +<\/li>\n<li>Lente Resistente a Impactos NXT\u00ae<\/li>\n<\/ul>\n","protected":false},"featured_media":3543,"template":"","meta":{"_acf_changed":false},"product_brand":[],"product_cat":[160,158,20,36],"product_tag":[],"class_list":{"0":"post-403","1":"product","2":"type-product","3":"status-publish","4":"has-post-thumbnail","6":"product_cat-black-friday","7":"product_cat-dsi02","8":"product_cat-gafas-bolle-en-colombia","9":"product_cat-volt","10":"pa_color-shifter-titanium-matte","12":"first","13":"instock","14":"taxable","15":"shipping-taxable","16":"purchasable","17":"product-type-simple"},"acf":[],"_links":{"self":[{"href":"https:\/\/bolle.com.co\/index.php\/wp-json\/wp\/v2\/product\/403","targetHints":{"allow":["GET"]}}],"collection":[{"href":"https:\/\/bolle.com.co\/index.php\/wp-json\/wp\/v2\/product"}],"about":[{"href":"https:\/\/bolle.com.co\/index.php\/wp-json\/wp\/v2\/types\/product"}],"wp:featuredmedia":[{"embeddable":true,"href":"https:\/\/bolle.com.co\/index.php\/wp-json\/wp\/v2\/media\/3543"}],"wp:attachment":[{"href":"https:\/\/bolle.com.co\/index.php\/wp-json\/wp\/v2\/media?parent=403"}],"wp:term":[{"taxonomy":"product_brand","embeddable":true,"href":"https:\/\/bolle.com.co\/index.php\/wp-json\/wp\/v2\/product_brand?post=403"},{"taxonomy":"product_cat","embeddable":true,"href":"https:\/\/bolle.com.co\/index.php\/wp-json\/wp\/v2\/product_cat?post=403"},{"taxonomy":"product_tag","embeddable":true,"href":"https:\/\/bolle.com.co\/index.php\/wp-json\/wp\/v2\/product_tag?post=403"}],"curies":[{"name":"wp","href":"https:\/\/api.w.org\/{rel}","templated":true}]}}